{"id":85,"date":"2025-05-15T12:46:03","date_gmt":"2025-05-15T10:46:03","guid":{"rendered":"https:\/\/www.julienfournie.com\/vn\/?page_id=85"},"modified":"2026-04-09T12:57:17","modified_gmt":"2026-04-09T10:57:17","slug":"julien-fournie-haute-couture","status":"publish","type":"page","link":"https:\/\/www.julienfournie.com\/vn\/","title":{"rendered":"Julien Fourni\u00e9 Haute Couture"},"content":{"rendered":"\n\n\t<a href=\"https:\/\/www.julienfournie.com\/en\/haute-couture-runway-paris\/\" target=\"_blank\" rel=\"noopener\" aria-label=\"Aller \u00e0 https:\/\/www.julienfournie.com\/en\/haute-couture-runway-paris\/\"><\/a>\n\t\t\t\t<img decoding=\"async\" src=\"https:\/\/www.julienfournie.com\/vn\/wp-content\/uploads\/sites\/6\/2026\/04\/JF_FIRST_MISFITS_18_2268.jpg\" alt=\"Th\u1eddi trang cao c\u1ea5p\" title=\"JF_FIRST_MISFITS_18_2268\" itemprop=\"image\"\/>\n\t\t<h3>th\u1eddi trang cao c\u1ea5p<\/h3>\t\t\t\n\t<a href=\"https:\/\/www.julienfournie.com\/en\/shop-luxury-bags-julien-fournie\/\" target=\"_blank\" rel=\"noopener\" aria-label=\"Aller \u00e0 https:\/\/www.julienfournie.com\/en\/shop-luxury-bags-julien-fournie\/\"><\/a>\n\t\t\t\t<img decoding=\"async\" src=\"https:\/\/www.julienfournie.com\/vn\/wp-content\/uploads\/sites\/6\/2026\/02\/Vitrine-Boutique-FM1.jpg\" alt=\"Vitrine Boutique FM1\" title=\"Vitrine Boutique FM1\" itemprop=\"image\"\/>\n\t\t<h3>T\u00fai x\u00e1ch v\u00e0 ph\u1ee5 ki\u1ec7n cao c\u1ea5p<\/h3>\t\t\t\n<h2>\n\t\t\tBu\u1ed5i tr\u00ecnh di\u1ec5n b\u1ed9 s\u01b0u t\u1eadp Haute Couture First Misfits\t<\/h2>\n\t<iframe loading=\"lazy\" width=\"100%\" height=\"100%\" src=\"https:\/\/app.videas.fr\/embed\/media\/9333ea5c-95ac-4a1d-8acc-a7aa14ff60c0\/?player=88e42b5c-9cac-406a-80a8-2096c8359f29\" frameborder=\"0\" allow=\"accelerometer; autoplay; encrypted-media; gyroscope; picture-in-picture\" allowfullscreen=\"true\" referrerpolicy=\"unsafe-url\"><\/iframe>\n\n","protected":false},"excerpt":{"rendered":"<p>th\u1eddi trang cao c\u1ea5p T\u00fai x\u00e1ch v\u00e0 ph\u1ee5 ki\u1ec7n cao c\u1ea5p Bu\u1ed5i tr\u00ecnh di\u1ec5n b\u1ed9 s\u01b0u t\u1eadp Haute Couture First [&hellip;]<\/p>\n","protected":false},"author":2,"featured_media":115,"parent":0,"menu_order":0,"comment_status":"closed","ping_status":"closed","template":"","meta":{"site-sidebar-layout":"no-sidebar","site-content-layout":"","ast-site-content-layout":"normal-width-container","site-content-style":"unboxed","site-sidebar-style":"default","ast-global-header-display":"","ast-banner-title-visibility":"","ast-main-header-display":"","ast-hfb-above-header-display":"","ast-hfb-below-header-display":"","ast-hfb-mobile-header-display":"","site-post-title":"disabled","ast-breadcrumbs-content":"","ast-featured-img":"disabled","footer-sml-layout":"","ast-disable-related-posts":"","theme-transparent-header-meta":"","adv-header-id-meta":"","stick-header-meta":"","header-above-stick-meta":"","header-main-stick-meta":"","header-below-stick-meta":"","astra-migrate-meta-layouts":"default","ast-page-background-enabled":"default","ast-page-background-meta":{"desktop":{"background-color":"var(--ast-global-color-5)","background-image":"","background-repeat":"repeat","background-position":"center center","background-size":"auto","background-attachment":"scroll","background-type":"","background-media":"","overlay-type":"","overlay-color":"","overlay-opacity":"","overlay-gradient":""},"tablet":{"background-color":"","background-image":"","background-repeat":"repeat","background-position":"center center","background-size":"auto","background-attachment":"scroll","background-type":"","background-media":"","overlay-type":"","overlay-color":"","overlay-opacity":"","overlay-gradient":""},"mobile":{"background-color":"","background-image":"","background-repeat":"repeat","background-position":"center center","background-size":"auto","background-attachment":"scroll","background-type":"","background-media":"","overlay-type":"","overlay-color":"","overlay-opacity":"","overlay-gradient":""}},"ast-content-background-meta":{"desktop":{"background-color":"var(--ast-global-color-4)","background-image":"","background-repeat":"repeat","background-position":"center center","background-size":"auto","background-attachment":"scroll","background-type":"","background-media":"","overlay-type":"","overlay-color":"","overlay-opacity":"","overlay-gradient":""},"tablet":{"background-color":"var(--ast-global-color-4)","background-image":"","background-repeat":"repeat","background-position":"center center","background-size":"auto","background-attachment":"scroll","background-type":"","background-media":"","overlay-type":"","overlay-color":"","overlay-opacity":"","overlay-gradient":""},"mobile":{"background-color":"var(--ast-global-color-4)","background-image":"","background-repeat":"repeat","background-position":"center center","background-size":"auto","background-attachment":"scroll","background-type":"","background-media":"","overlay-type":"","overlay-color":"","overlay-opacity":"","overlay-gradient":""}},"editor_notices":[],"footnotes":""},"class_list":["post-85","page","type-page","status-publish","has-post-thumbnail","hentry"],"_links":{"self":[{"href":"https:\/\/www.julienfournie.com\/vn\/wp-json\/wp\/v2\/pages\/85","targetHints":{"allow":["GET"]}}],"collection":[{"href":"https:\/\/www.julienfournie.com\/vn\/wp-json\/wp\/v2\/pages"}],"about":[{"href":"https:\/\/www.julienfournie.com\/vn\/wp-json\/wp\/v2\/types\/page"}],"author":[{"embeddable":true,"href":"https:\/\/www.julienfournie.com\/vn\/wp-json\/wp\/v2\/users\/2"}],"replies":[{"embeddable":true,"href":"https:\/\/www.julienfournie.com\/vn\/wp-json\/wp\/v2\/comments?post=85"}],"version-history":[{"count":2,"href":"https:\/\/www.julienfournie.com\/vn\/wp-json\/wp\/v2\/pages\/85\/revisions"}],"predecessor-version":[{"id":482,"href":"https:\/\/www.julienfournie.com\/vn\/wp-json\/wp\/v2\/pages\/85\/revisions\/482"}],"wp:featuredmedia":[{"embeddable":true,"href":"https:\/\/www.julienfournie.com\/vn\/wp-json\/wp\/v2\/media\/115"}],"wp:attachment":[{"href":"https:\/\/www.julienfournie.com\/vn\/wp-json\/wp\/v2\/media?parent=85"}],"curies":[{"name":"wp","href":"https:\/\/api.w.org\/{rel}","templated":true}]}}