{"id":206,"date":"2025-06-03T10:06:52","date_gmt":"2025-06-03T08:06:52","guid":{"rendered":"https:\/\/www.julienfournie.com\/vn\/?page_id=206"},"modified":"2025-06-12T12:54:22","modified_gmt":"2025-06-12T10:54:22","slug":"julien-fournie-tai-avifw-2025","status":"publish","type":"page","link":"https:\/\/www.julienfournie.com\/vn\/julien-fournie-tai-avifw-2025\/","title":{"rendered":"Julien Fourni\u00e9 t\u1ea1i AVIFW 2025."},"content":{"rendered":"\n<div class=\"wp-block-query is-layout-flow wp-block-query-is-layout-flow\"><ul class=\"wp-block-post-template is-layout-flow wp-block-post-template-is-layout-flow\"><li class=\"wp-block-post post-398 post type-post status-publish format-standard has-post-thumbnail hentry category-avifw-2025\">\n\n<div class=\"wp-block-columns are-vertically-aligned-center is-layout-flex wp-container-core-columns-is-layout-28f84493 wp-block-columns-is-layout-flex\">\n<div class=\"wp-block-column is-vertically-aligned-center is-layout-flow wp-block-column-is-layout-flow\" style=\"flex-basis:25%\"><figure class=\"wp-block-post-featured-image\"><a href=\"https:\/\/www.julienfournie.com\/vn\/2025\/07\/08\/buoi-trinh-dien-thoi-trang-cao-cap\/\" target=\"_self\"  ><img loading=\"lazy\" decoding=\"async\" width=\"1320\" height=\"880\" src=\"https:\/\/www.julienfournie.com\/vn\/wp-content\/uploads\/sites\/6\/2025\/07\/IMG_1054.jpg\" class=\"attachment-post-thumbnail size-post-thumbnail wp-post-image\" alt=\"M\u1ed9t bu\u1ed5i tr\u00ecnh di\u1ec5n Haute Couture r\u1ef1c r\u1ee1.\" style=\"object-fit:cover;\" srcset=\"https:\/\/www.julienfournie.com\/vn\/wp-content\/uploads\/sites\/6\/2025\/07\/IMG_1054.jpg 1320w, https:\/\/www.julienfournie.com\/vn\/wp-content\/uploads\/sites\/6\/2025\/07\/IMG_1054-300x200.jpg 300w, https:\/\/www.julienfournie.com\/vn\/wp-content\/uploads\/sites\/6\/2025\/07\/IMG_1054-1024x683.jpg 1024w, https:\/\/www.julienfournie.com\/vn\/wp-content\/uploads\/sites\/6\/2025\/07\/IMG_1054-768x512.jpg 768w, https:\/\/www.julienfournie.com\/vn\/wp-content\/uploads\/sites\/6\/2025\/07\/IMG_1054-600x400.jpg 600w, https:\/\/www.julienfournie.com\/vn\/wp-content\/uploads\/sites\/6\/2025\/07\/IMG_1054-150x100.jpg 150w\" sizes=\"auto, (max-width: 1320px) 100vw, 1320px\" title=\"\"><\/a><\/figure><\/div>\n\n\n\n<div class=\"wp-block-column is-vertically-aligned-center is-layout-flow wp-block-column-is-layout-flow\" style=\"flex-basis:75%\"><h2 class=\"wp-block-post-title\"><a href=\"https:\/\/www.julienfournie.com\/vn\/2025\/07\/08\/buoi-trinh-dien-thoi-trang-cao-cap\/\" target=\"_self\" >M\u1ed9t bu\u1ed5i tr\u00ecnh di\u1ec5n Haute Couture r\u1ef1c r\u1ee1.<\/a><\/h2><\/div>\n<\/div>\n\n<\/li><li class=\"wp-block-post post-348 post type-post status-publish format-standard has-post-thumbnail hentry category-avifw-2025\">\n\n<div class=\"wp-block-columns are-vertically-aligned-center is-layout-flex wp-container-core-columns-is-layout-28f84493 wp-block-columns-is-layout-flex\">\n<div class=\"wp-block-column is-vertically-aligned-center is-layout-flow wp-block-column-is-layout-flow\" style=\"flex-basis:25%\"><figure class=\"wp-block-post-featured-image\"><a href=\"https:\/\/www.julienfournie.com\/vn\/2025\/06\/12\/buoi-trinh-dien-thoi-trang-cua-julien-fournie-tren-ban-tin-vtv9\/\" target=\"_self\"  ><img loading=\"lazy\" decoding=\"async\" width=\"1724\" height=\"900\" src=\"https:\/\/www.julienfournie.com\/vn\/wp-content\/uploads\/sites\/6\/2025\/06\/VTV9-JULIEN-FOURNIE-2.jpg\" class=\"attachment-post-thumbnail size-post-thumbnail wp-post-image\" alt=\"Bu\u1ed5i tr\u00ecnh di\u1ec5n th\u1eddi trang c\u1ee7a Julien Fourni\u00e9 tr\u00ean b\u1ea3n tin VTV9\" style=\"object-fit:cover;\" srcset=\"https:\/\/www.julienfournie.com\/vn\/wp-content\/uploads\/sites\/6\/2025\/06\/VTV9-JULIEN-FOURNIE-2.jpg 1724w, https:\/\/www.julienfournie.com\/vn\/wp-content\/uploads\/sites\/6\/2025\/06\/VTV9-JULIEN-FOURNIE-2-300x157.jpg 300w, https:\/\/www.julienfournie.com\/vn\/wp-content\/uploads\/sites\/6\/2025\/06\/VTV9-JULIEN-FOURNIE-2-1024x535.jpg 1024w, https:\/\/www.julienfournie.com\/vn\/wp-content\/uploads\/sites\/6\/2025\/06\/VTV9-JULIEN-FOURNIE-2-768x401.jpg 768w, https:\/\/www.julienfournie.com\/vn\/wp-content\/uploads\/sites\/6\/2025\/06\/VTV9-JULIEN-FOURNIE-2-1536x802.jpg 1536w, https:\/\/www.julienfournie.com\/vn\/wp-content\/uploads\/sites\/6\/2025\/06\/VTV9-JULIEN-FOURNIE-2-600x313.jpg 600w, https:\/\/www.julienfournie.com\/vn\/wp-content\/uploads\/sites\/6\/2025\/06\/VTV9-JULIEN-FOURNIE-2-150x78.jpg 150w\" sizes=\"auto, (max-width: 1724px) 100vw, 1724px\" title=\"\"><\/a><\/figure><\/div>\n\n\n\n<div class=\"wp-block-column is-vertically-aligned-center is-layout-flow wp-block-column-is-layout-flow\" style=\"flex-basis:75%\"><h2 class=\"wp-block-post-title\"><a href=\"https:\/\/www.julienfournie.com\/vn\/2025\/06\/12\/buoi-trinh-dien-thoi-trang-cua-julien-fournie-tren-ban-tin-vtv9\/\" target=\"_self\" >Bu\u1ed5i tr\u00ecnh di\u1ec5n th\u1eddi trang c\u1ee7a Julien Fourni\u00e9 tr\u00ean b\u1ea3n tin VTV9<\/a><\/h2><\/div>\n<\/div>\n\n<\/li><li class=\"wp-block-post post-294 post type-post status-publish format-standard has-post-thumbnail hentry category-avifw-2025\">\n\n<div class=\"wp-block-columns are-vertically-aligned-center is-layout-flex wp-container-core-columns-is-layout-28f84493 wp-block-columns-is-layout-flex\">\n<div class=\"wp-block-column is-vertically-aligned-center is-layout-flow wp-block-column-is-layout-flow\" style=\"flex-basis:25%\"><figure class=\"wp-block-post-featured-image\"><a href=\"https:\/\/www.julienfournie.com\/vn\/2025\/06\/09\/avifw-25-first-circus-1\/\" target=\"_self\"  ><img loading=\"lazy\" decoding=\"async\" width=\"640\" height=\"427\" src=\"https:\/\/www.julienfournie.com\/vn\/wp-content\/uploads\/sites\/6\/2025\/06\/1-avifw-ss-2025-haute-couture-julien-fournie-1749169854351423655824.jpeg\" class=\"attachment-post-thumbnail size-post-thumbnail wp-post-image\" alt=\"Bu\u1ed5i tr\u00ecnh di\u1ec5n b\u1ed9 s\u01b0u t\u1eadp Haute Couture First Circus t\u1ea1i \u0111\u00eam khai m\u1ea1c AVIFW 25.\" style=\"object-fit:cover;\" srcset=\"https:\/\/www.julienfournie.com\/vn\/wp-content\/uploads\/sites\/6\/2025\/06\/1-avifw-ss-2025-haute-couture-julien-fournie-1749169854351423655824.jpeg 640w, https:\/\/www.julienfournie.com\/vn\/wp-content\/uploads\/sites\/6\/2025\/06\/1-avifw-ss-2025-haute-couture-julien-fournie-1749169854351423655824-300x200.jpeg 300w, https:\/\/www.julienfournie.com\/vn\/wp-content\/uploads\/sites\/6\/2025\/06\/1-avifw-ss-2025-haute-couture-julien-fournie-1749169854351423655824-600x400.jpeg 600w, https:\/\/www.julienfournie.com\/vn\/wp-content\/uploads\/sites\/6\/2025\/06\/1-avifw-ss-2025-haute-couture-julien-fournie-1749169854351423655824-150x100.jpeg 150w\" sizes=\"auto, (max-width: 640px) 100vw, 640px\" title=\"\"><\/a><\/figure><\/div>\n\n\n\n<div class=\"wp-block-column is-vertically-aligned-center is-layout-flow wp-block-column-is-layout-flow\" style=\"flex-basis:75%\"><h2 class=\"wp-block-post-title\"><a href=\"https:\/\/www.julienfournie.com\/vn\/2025\/06\/09\/avifw-25-first-circus-1\/\" target=\"_self\" >Bu\u1ed5i tr\u00ecnh di\u1ec5n b\u1ed9 s\u01b0u t\u1eadp Haute Couture First Circus t\u1ea1i \u0111\u00eam khai m\u1ea1c AVIFW 25.<\/a><\/h2><\/div>\n<\/div>\n\n<\/li><li class=\"wp-block-post post-270 post type-post status-publish format-standard has-post-thumbnail hentry category-avifw-2025\">\n\n<div class=\"wp-block-columns are-vertically-aligned-center is-layout-flex wp-container-core-columns-is-layout-28f84493 wp-block-columns-is-layout-flex\">\n<div class=\"wp-block-column is-vertically-aligned-center is-layout-flow wp-block-column-is-layout-flow\" style=\"flex-basis:25%\"><figure class=\"wp-block-post-featured-image\"><a href=\"https:\/\/www.julienfournie.com\/vn\/2025\/06\/05\/julien-fournie-tai-le-khai-mac-avifw\/\" target=\"_self\"  ><img loading=\"lazy\" decoding=\"async\" width=\"1369\" height=\"2048\" src=\"https:\/\/www.julienfournie.com\/vn\/wp-content\/uploads\/sites\/6\/2025\/06\/julien-fournie-opening-night-avifw.jpg\" class=\"attachment-post-thumbnail size-post-thumbnail wp-post-image\" alt=\"Julien Fourni\u00e9 t\u1ea1i l\u1ec5 khai m\u1ea1c AVIFW.\" style=\"object-fit:cover;\" srcset=\"https:\/\/www.julienfournie.com\/vn\/wp-content\/uploads\/sites\/6\/2025\/06\/julien-fournie-opening-night-avifw.jpg 1369w, https:\/\/www.julienfournie.com\/vn\/wp-content\/uploads\/sites\/6\/2025\/06\/julien-fournie-opening-night-avifw-201x300.jpg 201w, https:\/\/www.julienfournie.com\/vn\/wp-content\/uploads\/sites\/6\/2025\/06\/julien-fournie-opening-night-avifw-685x1024.jpg 685w, https:\/\/www.julienfournie.com\/vn\/wp-content\/uploads\/sites\/6\/2025\/06\/julien-fournie-opening-night-avifw-768x1149.jpg 768w, https:\/\/www.julienfournie.com\/vn\/wp-content\/uploads\/sites\/6\/2025\/06\/julien-fournie-opening-night-avifw-1027x1536.jpg 1027w, https:\/\/www.julienfournie.com\/vn\/wp-content\/uploads\/sites\/6\/2025\/06\/julien-fournie-opening-night-avifw-600x898.jpg 600w, https:\/\/www.julienfournie.com\/vn\/wp-content\/uploads\/sites\/6\/2025\/06\/julien-fournie-opening-night-avifw-150x224.jpg 150w\" sizes=\"auto, (max-width: 1369px) 100vw, 1369px\" title=\"\"><\/a><\/figure><\/div>\n\n\n\n<div class=\"wp-block-column is-vertically-aligned-center is-layout-flow wp-block-column-is-layout-flow\" style=\"flex-basis:75%\"><h2 class=\"wp-block-post-title\"><a href=\"https:\/\/www.julienfournie.com\/vn\/2025\/06\/05\/julien-fournie-tai-le-khai-mac-avifw\/\" target=\"_self\" >Julien Fourni\u00e9 t\u1ea1i l\u1ec5 khai m\u1ea1c AVIFW.<\/a><\/h2><\/div>\n<\/div>\n\n<\/li><li class=\"wp-block-post post-207 post type-post status-publish format-standard has-post-thumbnail hentry category-avifw-2025\">\n\n<div class=\"wp-block-columns are-vertically-aligned-center is-layout-flex wp-container-core-columns-is-layout-28f84493 wp-block-columns-is-layout-flex\">\n<div class=\"wp-block-column is-vertically-aligned-center is-layout-flow wp-block-column-is-layout-flow\" style=\"flex-basis:25%\"><figure class=\"wp-block-post-featured-image\"><a href=\"https:\/\/www.julienfournie.com\/vn\/2025\/06\/03\/avifw-2025-1\/\" target=\"_self\"  ><img loading=\"lazy\" decoding=\"async\" width=\"1920\" height=\"1440\" src=\"https:\/\/www.julienfournie.com\/vn\/wp-content\/uploads\/sites\/6\/2025\/06\/AVIFW-CASTING.jpeg\" class=\"attachment-post-thumbnail size-post-thumbnail wp-post-image\" alt=\"Julien Fourni\u00e9 l\u1ef1a ch\u1ecdn ng\u01b0\u1eddi m\u1eabu s\u1ebd tr\u00ecnh di\u1ec5n trong bu\u1ed5i tr\u00ecnh di\u1ec5n th\u1eddi trang c\u1ee7a \u00f4ng t\u1ea1i AVIEF.\" style=\"object-fit:cover;\" srcset=\"https:\/\/www.julienfournie.com\/vn\/wp-content\/uploads\/sites\/6\/2025\/06\/AVIFW-CASTING.jpeg 1920w, https:\/\/www.julienfournie.com\/vn\/wp-content\/uploads\/sites\/6\/2025\/06\/AVIFW-CASTING-300x225.jpeg 300w, https:\/\/www.julienfournie.com\/vn\/wp-content\/uploads\/sites\/6\/2025\/06\/AVIFW-CASTING-1024x768.jpeg 1024w, https:\/\/www.julienfournie.com\/vn\/wp-content\/uploads\/sites\/6\/2025\/06\/AVIFW-CASTING-768x576.jpeg 768w, https:\/\/www.julienfournie.com\/vn\/wp-content\/uploads\/sites\/6\/2025\/06\/AVIFW-CASTING-1536x1152.jpeg 1536w, https:\/\/www.julienfournie.com\/vn\/wp-content\/uploads\/sites\/6\/2025\/06\/AVIFW-CASTING-600x450.jpeg 600w, https:\/\/www.julienfournie.com\/vn\/wp-content\/uploads\/sites\/6\/2025\/06\/AVIFW-CASTING-150x113.jpeg 150w\" sizes=\"auto, (max-width: 1920px) 100vw, 1920px\" title=\"\"><\/a><\/figure><\/div>\n\n\n\n<div class=\"wp-block-column is-vertically-aligned-center is-layout-flow wp-block-column-is-layout-flow\" style=\"flex-basis:75%\"><h2 class=\"wp-block-post-title\"><a href=\"https:\/\/www.julienfournie.com\/vn\/2025\/06\/03\/avifw-2025-1\/\" target=\"_self\" >Julien Fourni\u00e9 l\u1ef1a ch\u1ecdn ng\u01b0\u1eddi m\u1eabu s\u1ebd tr\u00ecnh di\u1ec5n trong bu\u1ed5i tr\u00ecnh di\u1ec5n th\u1eddi trang c\u1ee7a \u00f4ng t\u1ea1i AVIEF.<\/a><\/h2><\/div>\n<\/div>\n\n<\/li><li class=\"wp-block-post post-226 post type-post status-publish format-standard has-post-thumbnail hentry category-avifw-2025\">\n\n<div class=\"wp-block-columns are-vertically-aligned-center is-layout-flex wp-container-core-columns-is-layout-28f84493 wp-block-columns-is-layout-flex\">\n<div class=\"wp-block-column is-vertically-aligned-center is-layout-flow wp-block-column-is-layout-flow\" style=\"flex-basis:25%\"><figure class=\"wp-block-post-featured-image\"><a href=\"https:\/\/www.julienfournie.com\/vn\/2025\/05\/26\/julien-fournie-se-trinh-lang-tai-tuan-le-thoi-trang-quoc-te-avifw-2025-aquafina-viet-nam-tai-thanh-pho-ho-chi-minh-vao-ngay-5-thang-6-toi\/\" target=\"_self\"  ><img loading=\"lazy\" decoding=\"async\" width=\"500\" height=\"704\" src=\"https:\/\/www.julienfournie.com\/vn\/wp-content\/uploads\/sites\/6\/2025\/06\/1-71.png\" class=\"attachment-post-thumbnail size-post-thumbnail wp-post-image\" alt=\"Julien Fourni\u00e9 s\u1ebd tr\u00ecnh l\u00e0ng t\u1ea1i Tu\u1ea7n l\u1ec5 Th\u1eddi trang Qu\u1ed1c t\u1ebf AVIFW 2025 Aquafina Vi\u1ec7t Nam t\u1ea1i Th\u00e0nh ph\u1ed1 H\u1ed3 Ch\u00ed Minh v\u00e0o ng\u00e0y 5 th\u00e1ng 6 t\u1edbi.\" style=\"object-fit:cover;\" srcset=\"https:\/\/www.julienfournie.com\/vn\/wp-content\/uploads\/sites\/6\/2025\/06\/1-71.png 500w, https:\/\/www.julienfournie.com\/vn\/wp-content\/uploads\/sites\/6\/2025\/06\/1-71-213x300.png 213w, https:\/\/www.julienfournie.com\/vn\/wp-content\/uploads\/sites\/6\/2025\/06\/1-71-150x211.png 150w\" sizes=\"auto, (max-width: 500px) 100vw, 500px\" title=\"\"><\/a><\/figure><\/div>\n\n\n\n<div class=\"wp-block-column is-vertically-aligned-center is-layout-flow wp-block-column-is-layout-flow\" style=\"flex-basis:75%\"><h2 class=\"wp-block-post-title\"><a href=\"https:\/\/www.julienfournie.com\/vn\/2025\/05\/26\/julien-fournie-se-trinh-lang-tai-tuan-le-thoi-trang-quoc-te-avifw-2025-aquafina-viet-nam-tai-thanh-pho-ho-chi-minh-vao-ngay-5-thang-6-toi\/\" target=\"_self\" >Julien Fourni\u00e9 s\u1ebd tr\u00ecnh l\u00e0ng t\u1ea1i Tu\u1ea7n l\u1ec5 Th\u1eddi trang Qu\u1ed1c t\u1ebf AVIFW 2025 Aquafina Vi\u1ec7t Nam t\u1ea1i Th\u00e0nh ph\u1ed1 H\u1ed3 Ch\u00ed Minh v\u00e0o ng\u00e0y 5 th\u00e1ng 6 t\u1edbi.<\/a><\/h2><\/div>\n<\/div>\n\n<\/li><\/ul><\/div>\n\n\n\n<div class=\"wp-block-buttons is-content-justification-center is-layout-flex wp-container-core-buttons-is-layout-a89b3969 wp-block-buttons-is-layout-flex\">\n<div class=\"wp-block-button\"><a class=\"wp-block-button__link has-ast-global-color-4-color has-ast-global-color-6-background-color has-text-color has-background has-link-color wp-element-button\" href=\"https:\/\/sibforms.com\/serve\/MUIFAPu92V-gS1p8AWt2CKOhLQQvgwpqyx5zUSMhdgsvESXYwBxK1UWmS4-9SGzbcduXoDhqdJ3tAtbmfIVtM9iwxslf4K752xPd42hc_gHzlN4VJq3sQ2UfnysaRevEEKTOOskq1yUo3rD3JdxhziZa-W0qb7FwIKXBq6mpS78XnZ7XRZmQhqW0qFCwWhi9kQDAs12NlkEO_nlG\" target=\"_blank\" rel=\"noreferrer noopener\">Li\u00ean h\u1ec7 v\u1edbi Julien Fourni\u00e9 Haute Couture.<\/a><\/div>\n<\/div>\n","protected":false},"excerpt":{"rendered":"","protected":false},"author":2,"featured_media":208,"parent":0,"menu_order":0,"comment_status":"closed","ping_status":"closed","template":"","meta":{"site-sidebar-layout":"default","site-content-layout":"","ast-site-content-layout":"","site-content-style":"default","site-sidebar-style":"default","ast-global-header-display":"","ast-banner-title-visibility":"","ast-main-header-display":"","ast-hfb-above-header-display":"","ast-hfb-below-header-display":"","ast-hfb-mobile-header-display":"","site-post-title":"","ast-breadcrumbs-content":"","ast-featured-img":"disabled","footer-sml-layout":"","ast-disable-related-posts":"","theme-transparent-header-meta":"","adv-header-id-meta":"","stick-header-meta":"","header-above-stick-meta":"","header-main-stick-meta":"","header-below-stick-meta":"","astra-migrate-meta-layouts":"default","ast-page-background-enabled":"default","ast-page-background-meta":{"desktop":{"background-color":"var(--ast-global-color-5)","background-image":"","background-repeat":"repeat","background-position":"center center","background-size":"auto","background-attachment":"scroll","background-type":"","background-media":"","overlay-type":"","overlay-color":"","overlay-opacity":"","overlay-gradient":""},"tablet":{"background-color":"","background-image":"","background-repeat":"repeat","background-position":"center center","background-size":"auto","background-attachment":"scroll","background-type":"","background-media":"","overlay-type":"","overlay-color":"","overlay-opacity":"","overlay-gradient":""},"mobile":{"background-color":"","background-image":"","background-repeat":"repeat","background-position":"center center","background-size":"auto","background-attachment":"scroll","background-type":"","background-media":"","overlay-type":"","overlay-color":"","overlay-opacity":"","overlay-gradient":""}},"ast-content-background-meta":{"desktop":{"background-color":"var(--ast-global-color-4)","background-image":"","background-repeat":"repeat","background-position":"center center","background-size":"auto","background-attachment":"scroll","background-type":"","background-media":"","overlay-type":"","overlay-color":"","overlay-opacity":"","overlay-gradient":""},"tablet":{"background-color":"var(--ast-global-color-4)","background-image":"","background-repeat":"repeat","background-position":"center center","background-size":"auto","background-attachment":"scroll","background-type":"","background-media":"","overlay-type":"","overlay-color":"","overlay-opacity":"","overlay-gradient":""},"mobile":{"background-color":"var(--ast-global-color-4)","background-image":"","background-repeat":"repeat","background-position":"center center","background-size":"auto","background-attachment":"scroll","background-type":"","background-media":"","overlay-type":"","overlay-color":"","overlay-opacity":"","overlay-gradient":""}},"editor_notices":[],"footnotes":""},"class_list":["post-206","page","type-page","status-publish","has-post-thumbnail","hentry"],"_links":{"self":[{"href":"https:\/\/www.julienfournie.com\/vn\/wp-json\/wp\/v2\/pages\/206","targetHints":{"allow":["GET"]}}],"collection":[{"href":"https:\/\/www.julienfournie.com\/vn\/wp-json\/wp\/v2\/pages"}],"about":[{"href":"https:\/\/www.julienfournie.com\/vn\/wp-json\/wp\/v2\/types\/page"}],"author":[{"embeddable":true,"href":"https:\/\/www.julienfournie.com\/vn\/wp-json\/wp\/v2\/users\/2"}],"replies":[{"embeddable":true,"href":"https:\/\/www.julienfournie.com\/vn\/wp-json\/wp\/v2\/comments?post=206"}],"version-history":[{"count":0,"href":"https:\/\/www.julienfournie.com\/vn\/wp-json\/wp\/v2\/pages\/206\/revisions"}],"wp:featuredmedia":[{"embeddable":true,"href":"https:\/\/www.julienfournie.com\/vn\/wp-json\/wp\/v2\/media\/208"}],"wp:attachment":[{"href":"https:\/\/www.julienfournie.com\/vn\/wp-json\/wp\/v2\/media?parent=206"}],"curies":[{"name":"wp","href":"https:\/\/api.w.org\/{rel}","templated":true}]}}