{"id":105,"date":"2025-05-15T13:24:15","date_gmt":"2025-05-15T11:24:15","guid":{"rendered":"https:\/\/www.julienfournie.com\/vn\/?page_id=105"},"modified":"2025-06-12T12:53:37","modified_gmt":"2025-06-12T10:53:37","slug":"mot-chiec-vay-haute-couture-la-gi","status":"publish","type":"page","link":"https:\/\/www.julienfournie.com\/vn\/mot-chiec-vay-haute-couture-la-gi\/","title":{"rendered":"M\u1ed9t chi\u1ebfc v\u00e1y Haute Couture l\u00e0 g\u00ec?"},"content":{"rendered":"\n<div class=\"wp-block-columns is-layout-flex wp-container-core-columns-is-layout-28f84493 wp-block-columns-is-layout-flex\">\n<div class=\"wp-block-column is-layout-flow wp-block-column-is-layout-flow\" style=\"flex-basis:66.66%\">\n<p>[addtoany]<\/p>\n<\/div>\n<\/div>\n\n\n\n<div class=\"wp-block-group alignfull is-content-justification-center is-layout-constrained wp-container-core-group-is-layout-df757ecc wp-block-group-is-layout-constrained\" style=\"margin-top:0;margin-bottom:0;padding-top:calc( 0.5 * var(--wp--style--root--padding-right, var(--wp--custom--gap--horizontal)));padding-right:var(--wp--style--root--padding-right, var(--wp--custom--gap--horizontal));padding-bottom:calc( 0.5 * var(--wp--style--root--padding-right, var(--wp--custom--gap--horizontal)));padding-left:var(--wp--style--root--padding-left, var(--wp--custom--gap--horizontal))\">\n<div style=\"height:calc( 0.25 * var(--wp--style--root--padding-right, var(--wp--custom--gap--horizontal)))\" aria-hidden=\"true\" class=\"wp-block-spacer\"><\/div>\n\n\n\n<div class=\"wp-block-columns alignwide are-vertically-aligned-center is-layout-flex wp-container-core-columns-is-layout-7fc3d43a wp-block-columns-is-layout-flex\">\n<div class=\"wp-block-column is-vertically-aligned-center is-layout-flow wp-block-column-is-layout-flow\">\n<figure class=\"wp-block-image size-full\"><img loading=\"lazy\" decoding=\"async\" width=\"683\" height=\"1024\" src=\"https:\/\/www.julienfournie.com\/vn\/wp-content\/uploads\/sites\/6\/2025\/05\/FisrtVamp_14_142.jpg\" alt=\"\" class=\"wp-image-142\" title=\"\" srcset=\"https:\/\/www.julienfournie.com\/vn\/wp-content\/uploads\/sites\/6\/2025\/05\/FisrtVamp_14_142.jpg 683w, https:\/\/www.julienfournie.com\/vn\/wp-content\/uploads\/sites\/6\/2025\/05\/FisrtVamp_14_142-200x300.jpg 200w, https:\/\/www.julienfournie.com\/vn\/wp-content\/uploads\/sites\/6\/2025\/05\/FisrtVamp_14_142-600x900.jpg 600w, https:\/\/www.julienfournie.com\/vn\/wp-content\/uploads\/sites\/6\/2025\/05\/FisrtVamp_14_142-150x225.jpg 150w\" sizes=\"auto, (max-width: 683px) 100vw, 683px\" \/><\/figure>\n\n\n\n<figure class=\"wp-block-image size-full\"><img loading=\"lazy\" decoding=\"async\" width=\"683\" height=\"1024\" src=\"https:\/\/www.julienfournie.com\/vn\/wp-content\/uploads\/sites\/6\/2025\/05\/FisrtVamp_15_055.jpg\" alt=\"\" class=\"wp-image-143\" title=\"\" srcset=\"https:\/\/www.julienfournie.com\/vn\/wp-content\/uploads\/sites\/6\/2025\/05\/FisrtVamp_15_055.jpg 683w, https:\/\/www.julienfournie.com\/vn\/wp-content\/uploads\/sites\/6\/2025\/05\/FisrtVamp_15_055-200x300.jpg 200w, https:\/\/www.julienfournie.com\/vn\/wp-content\/uploads\/sites\/6\/2025\/05\/FisrtVamp_15_055-600x900.jpg 600w, https:\/\/www.julienfournie.com\/vn\/wp-content\/uploads\/sites\/6\/2025\/05\/FisrtVamp_15_055-150x225.jpg 150w\" sizes=\"auto, (max-width: 683px) 100vw, 683px\" \/><\/figure>\n\n\n\n<figure class=\"wp-block-image size-large\"><img loading=\"lazy\" decoding=\"async\" width=\"683\" height=\"1024\" src=\"https:\/\/www.julienfournie.com\/vn\/wp-content\/uploads\/sites\/6\/2025\/05\/FisrtVamp_19_015-683x1024.jpg\" alt=\"\" class=\"wp-image-144\" title=\"\" srcset=\"https:\/\/www.julienfournie.com\/vn\/wp-content\/uploads\/sites\/6\/2025\/05\/FisrtVamp_19_015-683x1024.jpg 683w, https:\/\/www.julienfournie.com\/vn\/wp-content\/uploads\/sites\/6\/2025\/05\/FisrtVamp_19_015-200x300.jpg 200w, https:\/\/www.julienfournie.com\/vn\/wp-content\/uploads\/sites\/6\/2025\/05\/FisrtVamp_19_015-768x1152.jpg 768w, https:\/\/www.julienfournie.com\/vn\/wp-content\/uploads\/sites\/6\/2025\/05\/FisrtVamp_19_015-600x900.jpg 600w, https:\/\/www.julienfournie.com\/vn\/wp-content\/uploads\/sites\/6\/2025\/05\/FisrtVamp_19_015-150x225.jpg 150w, https:\/\/www.julienfournie.com\/vn\/wp-content\/uploads\/sites\/6\/2025\/05\/FisrtVamp_19_015.jpg 800w\" sizes=\"auto, (max-width: 683px) 100vw, 683px\" \/><\/figure>\n<\/div>\n\n\n\n<div class=\"wp-block-column is-vertically-aligned-center is-layout-flow wp-block-column-is-layout-flow\">\n<h2 class=\"wp-block-heading alignwide\">M\u1ed9t chi\u1ebfc v\u00e1y Haute Couture l\u00e0 g\u00ec?<\/h2>\n\n\n\n<p>M\u1ed9t s\u1ea3n ph\u1ea9m th\u1eddi trang Haute Couture \u0111\u1ed9c nh\u1ea5t v\u00f4 nh\u1ecb v\u1ec1 phong c\u00e1ch, \u0111\u01b0\u1ee3c thi\u1ebft k\u1ebf v\u00e0 ch\u1ebf t\u00e1c theo y\u00eau c\u1ea7u ri\u00eang d\u00e0nh cho m\u1ed9t kh\u00e1ch h\u00e0ng n\u1eef c\u1ee5 th\u1ec3.<\/p>\n\n\n\n<p>M\u1ed9t t\u00e1c ph\u1ea9m Haute Couture \u0111\u01b0\u1ee3c th\u1ef1c hi\u1ec7n t\u1ea1i Paris b\u1edfi m\u1ed9t trong nh\u1eefng \u201cnh\u00e0 may \u0111o h\u00e0ng \u0111\u1ea7u\u201d, ng\u01b0\u1eddi \u0111\u1ee9ng \u0111\u1ea7u m\u1ed9t trong m\u01b0\u1eddi Maison c\u00f3 th\u1ec3 t\u1ef1 h\u00e0o s\u1edf h\u1eefu danh hi\u1ec7u n\u00e0y.<\/p>\n\n\n\n<p>C\u00e1c th\u01b0\u01a1ng hi\u1ec7u Haute Couture l\u00e0 g\u00ec?<\/p>\n\n\n\n<p>Nh\u1eefng Maison n\u00e0y \u0111\u00e3 ch\u00ednh th\u1ee9c nh\u1eadn \u0111\u01b0\u1ee3c nh\u00e3n hi\u1ec7u Haute Couture. Nh\u00e3n hi\u1ec7u n\u00e0y \u0111\u01b0\u1ee3c trao theo quy\u1ebft \u0111\u1ecbnh c\u1ee7a B\u1ed9 tr\u01b0\u1edfng ph\u1ee5 tr\u00e1ch ng\u00e0nh c\u00f4ng nghi\u1ec7p, d\u1ef1a tr\u00ean \u0111\u1ec1 xu\u1ea5t c\u1ee7a m\u1ed9t \u1ee7y ban x\u1ebfp h\u1ea1ng do Ph\u00f2ng Th\u01b0\u01a1ng m\u1ea1i Haute Couture c\u1ee7a Ph\u00e1p \u0111i\u1ec1u h\u00e0nh.<\/p>\n\n\n\n<p>Tay ngh\u1ec1<\/p>\n\n\n\n<p>\u0110\u1ecbnh ngh\u0129a Haute Couture<\/p>\n\n\n\n<p>Nh\u1eefng chi\u1ebfc v\u00e1y Haute Couture \u0111\u01b0\u1ee3c ch\u1ebf t\u00e1c \u0111\u1ed9c quy\u1ec1n trong c\u00e1c x\u01b0\u1edfng s\u1ea3n xu\u1ea5t c\u1ee7a Maison, v\u1edbi s\u1ef1 h\u1ee3p t\u00e1c c\u1ee7a c\u00e1c ngh\u1ec7 nh\u00e2n c\u00f3 tay ngh\u1ec1 \u0111\u1eb7c th\u00f9 nh\u01b0: th\u1ee3 d\u1ec7t, th\u1ee3 trang tr\u00ed l\u00f4ng v\u0169, th\u1ee3 th\u00eau\u2026<\/p>\n\n\n\n<p>M\u1ed7i s\u1ea3n ph\u1ea9m l\u00e0 m\u1ed9t phi\u00ean b\u1ea3n duy nh\u1ea5t c\u1ee7a m\u1ed9t m\u1eabu thi\u1ebft k\u1ebf trong b\u1ed9 s\u01b0u t\u1eadp \u0111\u01b0\u1ee3c tr\u00ecnh di\u1ec5n m\u1ed7i s\u00e1u th\u00e1ng, \u0111\u01b0\u1ee3c \u0111i\u1ec1u ch\u1ec9nh ph\u00f9 h\u1ee3p v\u1edbi c\u00e1 t\u00ednh v\u00e0 s\u1ed1 \u0111o c\u1ee7a kh\u00e1ch h\u00e0ng.<\/p>\n\n\n\n<p>Y\u00eau c\u1ea7u \u0111\u1eb7c bi\u1ec7t<\/p>\n\n\n\n<p>S\u1ea3n ph\u1ea9m n\u00e0y c\u0169ng c\u00f3 th\u1ec3 \u0111\u01b0\u1ee3c thi\u1ebft k\u1ebf v\u00e0 ch\u1ebf t\u00e1c theo m\u1ed9t m\u1eabu ri\u00eang bi\u1ec7t theo y\u00eau c\u1ea7u c\u1ee5 th\u1ec3 c\u1ee7a kh\u00e1ch h\u00e0ng.<\/p>\n\n\n\n<p>Haute Couture \u0111\u00e3 vun \u0111\u1eafp gi\u00e1 tr\u1ecb t\u00ednh x\u00e1c th\u1ef1c v\u00e0 tay ngh\u1ec1 trong su\u1ed1t h\u01a1n m\u1ed9t th\u1ebf k\u1ef7 r\u01b0\u1ee1i, th\u1ec3 hi\u1ec7n kh\u00f4ng ch\u1ec9 \u1edf kh\u00eda c\u1ea1nh s\u00e1ng t\u1ea1o m\u00e0 c\u00f2n trong qu\u00e1 tr\u00ecnh s\u1ea3n xu\u1ea5t.<\/p>\n\n\n\n<p>\u0110\u1ec9nh cao c\u1ee7a s\u1ef1 thanh l\u1ecbch<\/p>\n\n\n\n<p>Nh\u1eefng m\u1eabu thi\u1ebft k\u1ebf \u0111\u1ed9c \u0111\u00e1o c\u1ee7a Maison \u0111\u01b0\u1ee3c ch\u1ebf t\u00e1c v\u1edbi s\u1ef1 h\u1ee3p t\u00e1c c\u1ee7a c\u00e1c ngh\u1ec7 nh\u00e2n xu\u1ea5t s\u1eafc nh\u1ea5t th\u1ebf gi\u1edbi. Ch\u00fang kh\u00f4ng ch\u1ec9 t\u01b0\u1ee3ng tr\u01b0ng cho \u0111\u1ec9nh cao c\u1ee7a s\u1ef1 thanh l\u1ecbch m\u00e0 c\u00f2n th\u1ec3 hi\u1ec7n t\u00ednh b\u1ec1n v\u1eefng c\u1ee7a m\u1ed9t phong c\u00e1ch \u0111\u01b0\u1ee3c t\u1ea1o d\u1ef1ng ri\u00eang d\u00e0nh cho m\u1ed9t ng\u01b0\u1eddi ph\u1ee5 n\u1eef c\u1ee5 th\u1ec3.<\/p>\n\n\n\n<p>Haute Couture n\u1eb1m ngo\u00e0i v\u00f2ng xo\u00e1y c\u1ee7a nh\u1eefng xu h\u01b0\u1edbng thay \u0111\u1ed5i li\u00ean t\u1ee5c nh\u1eb1m k\u00edch th\u00edch ti\u00eau d\u00f9ng. N\u00f3 nu\u00f4i d\u01b0\u1ee1ng nh\u1eefng ngh\u1ec7 nh\u00e2n t\u00e0i ba c\u1ee7a ng\u00e0nh th\u1eddi trang sang tr\u1ecdng v\u00e0 m\u1ed9t l\u1ea7n n\u1eefa kh\u1eb3ng \u0111\u1ecbnh nh\u1eefng gi\u00e1 tr\u1ecb b\u1ec1n v\u1eefng trong gi\u1edbi th\u1eddi trang: s\u1ef1 thanh l\u1ecbch, \u0111\u1ed9 b\u1ec1n, s\u1ef1 \u0111\u1ed5i m\u1edbi k\u1ef9 thu\u1eadt v\u00e0 s\u1ef1 k\u00edn \u0111\u00e1o.<\/p>\n\n\n\n<p>C\u00e1c bu\u1ed5i tr\u00ecnh di\u1ec5n \u0111\u01b0\u1ee3c t\u1ed5 ch\u1ee9c hai l\u1ea7n m\u1ed9t n\u0103m \u2013 v\u00e0o th\u00e1ng Gi\u00eang v\u00e0 th\u00e1ng B\u1ea3y.<\/p>\n\n\n\n<p>S\u1ef1 kh\u1edfi s\u1eafc m\u1edbi<\/p>\n\n\n\n<p>Nhu c\u1ea7u v\u1ec1 trang ph\u1ee5c \u0111\u01b0\u1ee3c ch\u1ebf t\u00e1c theo y\u00eau c\u1ea7u, v\u1edbi s\u1ef1 tr\u1ee3 gi\u00fap c\u1ee7a c\u00e1c ngh\u1ec1 ngh\u1ec7 thu\u1eadt (nh\u01b0 th\u00eau, trang tr\u00ed l\u00f4ng v\u0169, trang tr\u00ed ph\u1ee5 ki\u1ec7n\u2026) \u0111ang b\u01b0\u1edbc v\u00e0o m\u1ed9t giai \u0111o\u1ea1n kh\u1edfi s\u1eafc m\u1edbi.<\/p>\n\n\n\n<p>Trong kho\u1ea3ng m\u01b0\u1eddi n\u0103m qua, Haute Couture l\u1ea1i gi\u00e0nh \u0111\u01b0\u1ee3c v\u1ecb th\u1ebf m\u1ea1nh m\u1ebd nh\u1edd s\u1ef1 t\u0103ng tr\u01b0\u1edfng ch\u01b0a t\u1eebng c\u00f3 c\u1ee7a kh\u00e1ch h\u00e0ng \u0111\u1eb7c th\u00f9 trong ph\u00e2n kh\u00fac ultra-luxury trong 10 n\u0103m g\u1ea7n \u0111\u00e2y. N\u00f3 c\u0169ng l\u00e0 trung t\u00e2m c\u1ee7a gi\u00e1 tr\u1ecb \u0111ang th\u0103ng hoa: t\u00ednh x\u00e1c th\u1ef1c, v\u00e0 c\u00f2n ph\u00f9 h\u1ee3p v\u1edbi c\u00e1c gi\u00e1 tr\u1ecb v\u1ec1 tr\u00e1ch nhi\u1ec7m sinh th\u00e1i.<\/p>\n\n\n\n<p>\u00cdt g\u00e2y \u00f4 nhi\u1ec5m<\/p>\n\n\n\n<p>S\u1ef1 kh\u00e1c bi\u1ec7t gi\u1eefa sang tr\u1ecdng v\u00e0 Haute Couture l\u00e0 g\u00ec?<\/p>\n\n\n\n<p>Haute Couture kh\u00f4ng ph\u1ea3i l\u00e0 ngu\u1ed3n g\u1ed1c g\u00e2y ra l\u00e3ng ph\u00ed. \u0110\u00e2y l\u00e0 m\u1ed9t \u0111i\u1ec3m kh\u00e1c bi\u1ec7t l\u1edbn so v\u1edbi th\u1eddi trang cao c\u1ea5p s\u1eb5n c\u00f3, n\u01a1i c\u00e1c doanh nghi\u1ec7p th\u01b0\u1eddng bu\u1ed9c ph\u1ea3i lo\u1ea1i b\u1ecf h\u00e0ng t\u1ed3n kho kh\u00f4ng b\u00e1n \u0111\u01b0\u1ee3c t\u1eeb nhi\u1ec1u \u0111i\u1ec3m b\u00e1n l\u1ebb, \u0111i\u1ec1u m\u00e0 chi\u1ebfn l\u01b0\u1ee3c c\u1ee7a h\u1ecd kh\u00f4ng cho ph\u00e9p h\u1ea1 gi\u00e1 qu\u00e1 m\u1ee9c.<\/p>\n\n\n\n<p>Haute Couture kh\u00f4ng c\u00f3 t\u1ed3n kho v\u00ec ch\u1ec9 s\u1ea3n xu\u1ea5t theo y\u00eau c\u1ea7u, v\u00e0 do \u0111\u00f3 n\u00f3 g\u00e2y ra r\u1ea5t \u00edt \u00f4 nhi\u1ec5m, nh\u1edd \u01b0u ti\u00ean s\u1eed d\u1ee5ng nguy\u00ean li\u1ec7u t\u1ef1 nhi\u00ean v\u00e0 s\u1ea3n xu\u1ea5t th\u1ee7 c\u00f4ng.<\/p>\n\n\n\n<p>Haute Couture b\u1ea3o t\u1ed3n v\u00e0 \u0111\u00e0o t\u1ea1o s\u1ef1 kh\u00e9o l\u00e9o c\u1ee7a b\u00e0n tay v\u00e0 tr\u00ed \u00f3c b\u1eb1ng c\u00e1ch k\u1ebft h\u1ee3p truy\u1ec1n th\u1ed1ng v\u1edbi \u0111\u1ed5i m\u1edbi.<\/p>\n\n\n\n<div class=\"wp-block-columns is-layout-flex wp-container-core-columns-is-layout-28f84493 wp-block-columns-is-layout-flex\">\n<div class=\"wp-block-column is-layout-flow wp-block-column-is-layout-flow\">\n<figure class=\"wp-block-image aligncenter size-full is-resized is-style-rounded\"><img loading=\"lazy\" decoding=\"async\" width=\"1707\" height=\"2560\" src=\"https:\/\/www.julienfournie.com\/vn\/wp-content\/uploads\/sites\/6\/2025\/05\/Jean-Paul-Cauvin-scaled.jpeg\" alt=\"\" class=\"wp-image-139\" style=\"object-fit:contain;width:100px;height:99px\" title=\"\" srcset=\"https:\/\/www.julienfournie.com\/vn\/wp-content\/uploads\/sites\/6\/2025\/05\/Jean-Paul-Cauvin-scaled.jpeg 1707w, https:\/\/www.julienfournie.com\/vn\/wp-content\/uploads\/sites\/6\/2025\/05\/Jean-Paul-Cauvin-200x300.jpeg 200w, https:\/\/www.julienfournie.com\/vn\/wp-content\/uploads\/sites\/6\/2025\/05\/Jean-Paul-Cauvin-683x1024.jpeg 683w, https:\/\/www.julienfournie.com\/vn\/wp-content\/uploads\/sites\/6\/2025\/05\/Jean-Paul-Cauvin-768x1152.jpeg 768w, https:\/\/www.julienfournie.com\/vn\/wp-content\/uploads\/sites\/6\/2025\/05\/Jean-Paul-Cauvin-1024x1536.jpeg 1024w, https:\/\/www.julienfournie.com\/vn\/wp-content\/uploads\/sites\/6\/2025\/05\/Jean-Paul-Cauvin-1365x2048.jpeg 1365w, https:\/\/www.julienfournie.com\/vn\/wp-content\/uploads\/sites\/6\/2025\/05\/Jean-Paul-Cauvin-600x900.jpeg 600w, https:\/\/www.julienfournie.com\/vn\/wp-content\/uploads\/sites\/6\/2025\/05\/Jean-Paul-Cauvin-150x225.jpeg 150w\" sizes=\"auto, (max-width: 1707px) 100vw, 1707px\" \/><\/figure>\n<\/div>\n\n\n\n<div class=\"wp-block-column is-layout-flow wp-block-column-is-layout-flow\">\n<p>\u2014 Jean Paul Cauvin, T\u1ed5ng Gi\u00e1m \u0111\u1ed1c Julien Fourni\u00e9<\/p>\n<\/div>\n<\/div>\n<\/div>\n<\/div>\n\n\n\n<div style=\"height:calc( 0.25 * var(--wp--style--root--padding-right, var(--wp--custom--gap--horizontal)))\" aria-hidden=\"true\" class=\"wp-block-spacer\"><\/div>\n<\/div>\n\n\n\n<div class=\"wp-block-buttons is-content-justification-center is-layout-flex wp-container-core-buttons-is-layout-a89b3969 wp-block-buttons-is-layout-flex\">\n<div class=\"wp-block-button\"><a class=\"wp-block-button__link has-ast-global-color-4-color has-ast-global-color-6-background-color has-text-color has-background has-link-color wp-element-button\" href=\"https:\/\/sibforms.com\/serve\/MUIFAPu92V-gS1p8AWt2CKOhLQQvgwpqyx5zUSMhdgsvESXYwBxK1UWmS4-9SGzbcduXoDhqdJ3tAtbmfIVtM9iwxslf4K752xPd42hc_gHzlN4VJq3sQ2UfnysaRevEEKTOOskq1yUo3rD3JdxhziZa-W0qb7FwIKXBq6mpS78XnZ7XRZmQhqW0qFCwWhi9kQDAs12NlkEO_nlG\" target=\"_blank\" rel=\"noreferrer noopener\">Li\u00ean h\u1ec7 v\u1edbi Julien Fourni\u00e9 Haute Couture.<\/a><\/div>\n<\/div>\n","protected":false},"excerpt":{"rendered":"<p>[addtoany] M\u1ed9t chi\u1ebfc v\u00e1y Haute Couture l\u00e0 g\u00ec? M\u1ed9t s\u1ea3n ph\u1ea9m th\u1eddi trang Haute Couture \u0111\u1ed9c nh\u1ea5t v\u00f4 nh\u1ecb v\u1ec1 [&hellip;]<\/p>\n","protected":false},"author":2,"featured_media":115,"parent":0,"menu_order":0,"comment_status":"closed","ping_status":"closed","template":"","meta":{"site-sidebar-layout":"default","site-content-layout":"","ast-site-content-layout":"","site-content-style":"default","site-sidebar-style":"default","ast-global-header-display":"","ast-banner-title-visibility":"","ast-main-header-display":"","ast-hfb-above-header-display":"","ast-hfb-below-header-display":"","ast-hfb-mobile-header-display":"","site-post-title":"disabled","ast-breadcrumbs-content":"","ast-featured-img":"disabled","footer-sml-layout":"","ast-disable-related-posts":"","theme-transparent-header-meta":"","adv-header-id-meta":"","stick-header-meta":"","header-above-stick-meta":"","header-main-stick-meta":"","header-below-stick-meta":"","astra-migrate-meta-layouts":"default","ast-page-background-enabled":"default","ast-page-background-meta":{"desktop":{"background-color":"var(--ast-global-color-5)","background-image":"","background-repeat":"repeat","background-position":"center center","background-size":"auto","background-attachment":"scroll","background-type":"","background-media":"","overlay-type":"","overlay-color":"","overlay-opacity":"","overlay-gradient":""},"tablet":{"background-color":"","background-image":"","background-repeat":"repeat","background-position":"center center","background-size":"auto","background-attachment":"scroll","background-type":"","background-media":"","overlay-type":"","overlay-color":"","overlay-opacity":"","overlay-gradient":""},"mobile":{"background-color":"","background-image":"","background-repeat":"repeat","background-position":"center center","background-size":"auto","background-attachment":"scroll","background-type":"","background-media":"","overlay-type":"","overlay-color":"","overlay-opacity":"","overlay-gradient":""}},"ast-content-background-meta":{"desktop":{"background-color":"var(--ast-global-color-4)","background-image":"","background-repeat":"repeat","background-position":"center center","background-size":"auto","background-attachment":"scroll","background-type":"","background-media":"","overlay-type":"","overlay-color":"","overlay-opacity":"","overlay-gradient":""},"tablet":{"background-color":"var(--ast-global-color-4)","background-image":"","background-repeat":"repeat","background-position":"center center","background-size":"auto","background-attachment":"scroll","background-type":"","background-media":"","overlay-type":"","overlay-color":"","overlay-opacity":"","overlay-gradient":""},"mobile":{"background-color":"var(--ast-global-color-4)","background-image":"","background-repeat":"repeat","background-position":"center center","background-size":"auto","background-attachment":"scroll","background-type":"","background-media":"","overlay-type":"","overlay-color":"","overlay-opacity":"","overlay-gradient":""}},"editor_notices":[],"footnotes":""},"class_list":["post-105","page","type-page","status-publish","has-post-thumbnail","hentry"],"_links":{"self":[{"href":"https:\/\/www.julienfournie.com\/vn\/wp-json\/wp\/v2\/pages\/105","targetHints":{"allow":["GET"]}}],"collection":[{"href":"https:\/\/www.julienfournie.com\/vn\/wp-json\/wp\/v2\/pages"}],"about":[{"href":"https:\/\/www.julienfournie.com\/vn\/wp-json\/wp\/v2\/types\/page"}],"author":[{"embeddable":true,"href":"https:\/\/www.julienfournie.com\/vn\/wp-json\/wp\/v2\/users\/2"}],"replies":[{"embeddable":true,"href":"https:\/\/www.julienfournie.com\/vn\/wp-json\/wp\/v2\/comments?post=105"}],"version-history":[{"count":0,"href":"https:\/\/www.julienfournie.com\/vn\/wp-json\/wp\/v2\/pages\/105\/revisions"}],"wp:featuredmedia":[{"embeddable":true,"href":"https:\/\/www.julienfournie.com\/vn\/wp-json\/wp\/v2\/media\/115"}],"wp:attachment":[{"href":"https:\/\/www.julienfournie.com\/vn\/wp-json\/wp\/v2\/media?parent=105"}],"curies":[{"name":"wp","href":"https:\/\/api.w.org\/{rel}","templated":true}]}}