{"id":8586,"date":"2022-11-16T13:59:11","date_gmt":"2022-11-16T12:59:11","guid":{"rendered":"https:\/\/www.julienfournie.com\/en\/?post_type=product&#038;p=8586"},"modified":"2024-02-20T13:20:58","modified_gmt":"2024-02-20T12:20:58","slug":"haute-couture-belt-sirocco","status":"publish","type":"product","link":"https:\/\/www.julienfournie.com\/en\/product\/haute-couture-belt-sirocco\/","title":{"rendered":"Sirocco Haute Couture Belt"},"content":{"rendered":"<h6>Julien Fourni\u00e9 Haute Couture Belt<\/h6>\r\n<p>Haute Couture belt with detachable cartridge belt with double wear (high waist or on the hips) in genuine python changeable acqua marine\/Burgundy on a nude tone-on-tone overstitched collar, with a bright lacquered edge finish. Julien Fourni\u00e9 logo press studs, matte black anodized metal buckles. Removable Burgundy viscose trimmings.<\/p>\r\n<p>Waist from 67 cm to 82 cm.<\/p>\r\n<p>Handmade in one piece only.<\/p>\r\n\r\n<div class=\"wp-block-columns alignwide has-background-color has-text-color has-background is-layout-flex wp-container-core-columns-is-layout-28f84493 wp-block-columns-is-layout-flex\" style=\"background-color: #040419;\">\r\n<div class=\"wp-block-column is-vertically-aligned-center is-layout-flow wp-block-column-is-layout-flow\" style=\"flex-basis: 33.33%;\"><p> [modula id=&#8221;11602&#8243;] <\/p>\n<\/div>\r\n\r\n\r\n\r\n<div class=\"wp-block-column is-layout-flow wp-block-column-is-layout-flow\" style=\"flex-basis: 66.66%;\">\r\n<div class=\"wp-block-group is-layout-constrained wp-block-group-is-layout-constrained\" style=\"font-size: 12px;\">\r\n<h6 class=\"wp-block-heading\" style=\"font-size: 14px; font-style: normal; font-weight: 300;\">ABOUT THE HAUTE COUTURE HOUSE JULIEN FOURNI\u00c9<\/h6>\r\n\r\n\r\n\r\n<p>Founded in 2009 by fashion designer Julien Fourni\u00e9, the <a href=\"https:\/\/www.julienfournie.com\/en\/house-julien-fournie-haute-couture-paris\/\">Julien Fourni\u00e9 House of Haute Couture<\/a> became a &#8220;guest member&#8221; in the official Haute Couture show calendar in 2011.<\/p>\r\n\r\n\r\n\r\n<p>In January 2017, the Julien Fourni\u00e9 house was officially classified as &#8220;Haute Couture&#8221;.<\/p>\r\n\r\n\r\n\r\n<p>The <a href=\"https:\/\/www.julienfournie.com\/en\/haute-couture-meaning-definition\/\">Haute Couture label<\/a>, protected by the French Ministry of Industry, is awarded to a few houses (only sixteen prestigious names on this list today) that combine the best of creativity in design and the highest quality in garment making.<\/p>\r\n\r\n\r\n\r\n<p>While respecting the tradition of Haute Couture, Julien Fourni\u00e9 has also forged new partnerships with high-tech giants such as Dassault Syst\u00e8mes, Apple and Tencent. Julien Fourni\u00e9 has thus been able to digitize the creation, design and customization of his Haute Couture pieces. He is one of the few Haute Couture designers to master the new digital tools.<\/p>\r\n\r\n\r\n\r\n<p>In April 23, the first retrospective showing some twenty of Julien Fourni\u00e9&#8217;s iconic dresses was organized at SCAD Lacoste, and the exhibition was extended twice due to its success.<\/p>\r\n\r\n\r\n\r\n<h6 class=\"wp-block-heading\" style=\"font-size: 14px; font-style: normal; font-weight: 300;\">HAUTE COUTURE BAGS<\/h6>\r\n<\/div>\r\n\r\n\r\n\r\n<div class=\"wp-block-group is-layout-constrained wp-block-group-is-layout-constrained\" style=\"font-size: 12px;\">\r\n<p>Since December 2020, Julien Fourni\u00e9 has been developing a line of luxury bags and accessories. Initially, the idea was to offer handbags seen in Julien Fourni\u00e9&#8217;s Haute Couture shows and reserved, until then, for Haute Couture clients.<\/p>\r\n\r\n\r\n\r\n<p>Since then, Julien Fourni\u00e9 has created new designs ranging from evening clutches to luxury tote bags and handbags, becoming one of the most exclusive luxury handbag brands.<\/p>\r\n\r\n\r\n\r\n<p>These high-end bags are made in the purest respect of artisanal traditions.<\/p>\r\n\r\n\r\n\r\n<p>For the time being, these new luxury bags are exclusively available on the House&#8217;s online store.<\/p>\r\n<\/div>\r\n<\/div>\r\n<\/div>\r\n\r\n\r\n","protected":false},"excerpt":{"rendered":"<p>Haute Couture belt with double wear (high waist or on the hips) in genuine python changing acqua marine\/Burgundy on a nude tone-on-tone overstitched collar, with a bright lacquered edge finish.<\/p>\n","protected":false},"featured_media":12868,"comment_status":"closed","ping_status":"closed","template":"","meta":{"_uag_custom_page_level_css":"","site-sidebar-layout":"default","site-content-layout":"","ast-site-content-layout":"default","site-content-style":"default","site-sidebar-style":"default","ast-global-header-display":"","ast-banner-title-visibility":"","ast-main-header-display":"","ast-hfb-above-header-display":"","ast-hfb-below-header-display":"","ast-hfb-mobile-header-display":"","site-post-title":"","ast-breadcrumbs-content":"","ast-featured-img":"","footer-sml-layout":"","ast-disable-related-posts":"","theme-transparent-header-meta":"","adv-header-id-meta":"","stick-header-meta":"","header-above-stick-meta":"","header-main-stick-meta":"","header-below-stick-meta":"","astra-migrate-meta-layouts":"default","ast-page-background-enabled":"default","ast-page-background-meta":{"desktop":{"background-color":"var(--ast-global-color-5)","background-image":"","background-repeat":"repeat","background-position":"center center","background-size":"auto","background-attachment":"scroll","background-type":"","background-media":"","overlay-type":"","overlay-color":"","overlay-opacity":"","overlay-gradient":""},"tablet":{"background-color":"","background-image":"","background-repeat":"repeat","background-position":"center center","background-size":"auto","background-attachment":"scroll","background-type":"","background-media":"","overlay-type":"","overlay-color":"","overlay-opacity":"","overlay-gradient":""},"mobile":{"background-color":"","background-image":"","background-repeat":"repeat","background-position":"center center","background-size":"auto","background-attachment":"scroll","background-type":"","background-media":"","overlay-type":"","overlay-color":"","overlay-opacity":"","overlay-gradient":""}},"ast-content-background-meta":{"desktop":{"background-color":"var(--ast-global-color-4)","background-image":"","background-repeat":"repeat","background-position":"center center","background-size":"auto","background-attachment":"scroll","background-type":"","background-media":"","overlay-type":"","overlay-color":"","overlay-opacity":"","overlay-gradient":""},"tablet":{"background-color":"var(--ast-global-color-4)","background-image":"","background-repeat":"repeat","background-position":"center center","background-size":"auto","background-attachment":"scroll","background-type":"","background-media":"","overlay-type":"","overlay-color":"","overlay-opacity":"","overlay-gradient":""},"mobile":{"background-color":"var(--ast-global-color-4)","background-image":"","background-repeat":"repeat","background-position":"center center","background-size":"auto","background-attachment":"scroll","background-type":"","background-media":"","overlay-type":"","overlay-color":"","overlay-opacity":"","overlay-gradient":""}},"editor_notices":[]},"product_brand":[],"product_cat":[20],"product_tag":[89],"class_list":{"0":"post-8586","1":"product","2":"type-product","3":"status-publish","4":"has-post-thumbnail","6":"product_cat-luxury-belts","7":"product_tag-caution-this-model-is-only-available-within-the-european-union-please-contact-us-if-you-reside-outside-the-european-union-and-wish-to-order-it","8":"desktop-align-center","9":"tablet-align-left","10":"mobile-align-left","11":"ast-product-gallery-layout-vertical-slider","12":"ast-product-tabs-layout-horizontal","13":"ast-qv-on-image","15":"first","16":"instock","17":"shipping-taxable","18":"purchasable","19":"product-type-simple"},"uagb_featured_image_src":{"full":["https:\/\/www.julienfournie.com\/en\/wp-content\/uploads\/sites\/4\/2022\/11\/Ceinture-Haute-Couture-Sirocco.png",1304,1302,false],"thumbnail":["https:\/\/www.julienfournie.com\/en\/wp-content\/uploads\/sites\/4\/2022\/11\/Ceinture-Haute-Couture-Sirocco-150x150.png",150,150,true],"medium":["https:\/\/www.julienfournie.com\/en\/wp-content\/uploads\/sites\/4\/2022\/11\/Ceinture-Haute-Couture-Sirocco-300x300.png",300,300,true],"medium_large":["https:\/\/www.julienfournie.com\/en\/wp-content\/uploads\/sites\/4\/2022\/11\/Ceinture-Haute-Couture-Sirocco-768x767.png",768,767,true],"large":["https:\/\/www.julienfournie.com\/en\/wp-content\/uploads\/sites\/4\/2022\/11\/Ceinture-Haute-Couture-Sirocco-1024x1022.png",1024,1022,true],"1536x1536":["https:\/\/www.julienfournie.com\/en\/wp-content\/uploads\/sites\/4\/2022\/11\/Ceinture-Haute-Couture-Sirocco.png",1304,1302,false],"2048x2048":["https:\/\/www.julienfournie.com\/en\/wp-content\/uploads\/sites\/4\/2022\/11\/Ceinture-Haute-Couture-Sirocco.png",1304,1302,false],"woocommerce_thumbnail":["https:\/\/www.julienfournie.com\/en\/wp-content\/uploads\/sites\/4\/2022\/11\/Ceinture-Haute-Couture-Sirocco-300x300.png",300,300,true],"woocommerce_single":["https:\/\/www.julienfournie.com\/en\/wp-content\/uploads\/sites\/4\/2022\/11\/Ceinture-Haute-Couture-Sirocco-600x599.png",600,599,true],"woocommerce_gallery_thumbnail":["https:\/\/www.julienfournie.com\/en\/wp-content\/uploads\/sites\/4\/2022\/11\/Ceinture-Haute-Couture-Sirocco-100x100.png",100,100,true]},"uagb_author_info":{"display_name":"Maison Julien Fourni\u00e9","author_link":"https:\/\/www.julienfournie.com\/en\/author\/"},"uagb_comment_info":0,"uagb_excerpt":"Haute Couture belt with double wear (high waist or on the hips) in genuine python changing acqua marine\/Burgundy on a nude tone-on-tone overstitched collar, with a bright lacquered edge finish.","_links":{"self":[{"href":"https:\/\/www.julienfournie.com\/en\/wp-json\/wp\/v2\/product\/8586","targetHints":{"allow":["GET"]}}],"collection":[{"href":"https:\/\/www.julienfournie.com\/en\/wp-json\/wp\/v2\/product"}],"about":[{"href":"https:\/\/www.julienfournie.com\/en\/wp-json\/wp\/v2\/types\/product"}],"replies":[{"embeddable":true,"href":"https:\/\/www.julienfournie.com\/en\/wp-json\/wp\/v2\/comments?post=8586"}],"wp:featuredmedia":[{"embeddable":true,"href":"https:\/\/www.julienfournie.com\/en\/wp-json\/wp\/v2\/media\/12868"}],"wp:attachment":[{"href":"https:\/\/www.julienfournie.com\/en\/wp-json\/wp\/v2\/media?parent=8586"}],"wp:term":[{"taxonomy":"product_brand","embeddable":true,"href":"https:\/\/www.julienfournie.com\/en\/wp-json\/wp\/v2\/product_brand?post=8586"},{"taxonomy":"product_cat","embeddable":true,"href":"https:\/\/www.julienfournie.com\/en\/wp-json\/wp\/v2\/product_cat?post=8586"},{"taxonomy":"product_tag","embeddable":true,"href":"https:\/\/www.julienfournie.com\/en\/wp-json\/wp\/v2\/product_tag?post=8586"}],"curies":[{"name":"wp","href":"https:\/\/api.w.org\/{rel}","templated":true}]}}