{"id":10622,"date":"2024-09-26T05:18:42","date_gmt":"2024-09-26T03:18:42","guid":{"rendered":"https:\/\/www.julienfournie.com\/en\/?post_type=product&#038;p=10622"},"modified":"2025-01-15T07:16:49","modified_gmt":"2025-01-15T06:16:49","slug":"baguette-bag-sand-mercure","status":"publish","type":"product","link":"https:\/\/www.julienfournie.com\/en\/product\/baguette-bag-sand-mercure\/","title":{"rendered":"Sand Mercure Baguette Bag"},"content":{"rendered":"\r\n<h6>BAGUETTE Bag JULIEN FOURNI\u00c9 HAUTE COUTURE<\/h6>\r\n<p>This Baguette is made of sand leather, embossed in a lizard style.<\/p>\r\n<p>A discreet and solid leather strap allows to wear this bag on the wrist.<\/p>\r\n<p>This baguette handbag is also worn under the shoulder.<\/p>\r\n<p>A tuck clasp gun color and signed gives it its character to the Mercury Bag.<\/p>\r\n<p>Inside this baguette bag, three leather pockets including one zipped.<\/p>\r\n\r\n<div class=\"wp-block-columns is-layout-flex wp-container-core-columns-is-layout-28f84493 wp-block-columns-is-layout-flex\">\r\n<div class=\"wp-block-column is-layout-flow wp-block-column-is-layout-flow\" style=\"flex-basis: 66.66%;\">\r\n<figure class=\"wp-block-embed is-type-video is-provider-youtube wp-block-embed-youtube wp-embed-aspect-16-9 wp-has-aspect-ratio\">\r\n<div class=\"wp-block-embed__wrapper\">https:\/\/www.youtube.com\/watch?v=gOWtUuE48lQ<\/div>\r\n<\/figure>\r\n<\/div>\r\n\r\n\r\n\r\n<div class=\"wp-block-column is-vertically-aligned-center is-layout-flow wp-block-column-is-layout-flow\" style=\"flex-basis: 33.33%;\">\r\n<p style=\"font-size: 12px;\">The Mercure baguette bag (version without shoulder strap) unveiled at the First Sunshine Haute Couture show.<\/p>\r\n<\/div>\r\n<\/div>\r\n\r\n\r\n\r\n<div class=\"wp-block-columns alignwide has-background-color has-text-color has-background is-layout-flex wp-container-core-columns-is-layout-28f84493 wp-block-columns-is-layout-flex\" style=\"background-color: #040419;\">\r\n<div class=\"wp-block-column is-layout-flow wp-block-column-is-layout-flow\">\r\n<h5 class=\"wp-block-heading\" style=\"font-size: 16px; font-style: normal; font-weight: 300;\">What you need to know about the Baguette Bag Mercury<\/h5>\r\n\r\n\r\n\r\n<p style=\"font-size: 14px;\">In Roman mythology, Mercury was the messenger of the other gods.<\/p>\r\n\r\n\r\n\r\n<p style=\"font-size: 14px;\">Presented during the fashion show of the First Sunshine Haute Couture collection, the Mercure Bag invites you to travel far or everyday.<\/p>\r\n\r\n\r\n\r\n<p style=\"font-size: 14px;\">For this bag, Julien Fourni\u00e9 revisited the messenger of the letter carrier of the 1940s.<\/p>\r\n\r\n\r\n\r\n<p style=\"font-size: 14px;\">This robust, generous and refined bag will accompany you on all your adventures.<\/p>\r\n\r\n\r\n\r\n<p style=\"font-size: 14px;\">The Mercure bag can be carried under the shoulder or with its discreet strap.<\/p>\r\n\r\n\r\n\r\n<p style=\"font-size: 14px;\">The flap of the Mercury baguette Bag closes with a gunmetal tuck that gives it its character. A nod to the bags of our childhood.<\/p>\r\n\r\n\r\n\r\n<p style=\"font-size: 14px;\">Inside the Mercury Bag, three spacious pockets including one zipped.<\/p>\r\n\r\n\r\n\r\n<p style=\"font-size: 14px;\">The Mercure baguette bag is available in several versions, with or without shoulder strap.<\/p>\r\n<\/div>\r\n<\/div>\r\n\r\n\r\n\r\n<div class=\"wp-block-column is-vertically-aligned-center is-layout-flow wp-block-column-is-layout-flow\">\r\n<div class=\"wp-block-columns is-layout-flex wp-container-core-columns-is-layout-28f84493 wp-block-columns-is-layout-flex\">\r\n<div class=\"wp-block-column is-layout-flow wp-block-column-is-layout-flow\" style=\"flex-basis: 10%;\">\u00a0<\/div>\r\n\r\n\r\n\r\n<div class=\"wp-block-column is-vertically-aligned-center has-subtle-background-background-color has-background is-layout-flow wp-block-column-is-layout-flow\" style=\"flex-basis: 80%;\">\r\n<div class=\"wp-block-group has-primary-color has-text-color is-layout-constrained wp-block-group-is-layout-constrained\">\r\n<h5 class=\"wp-block-heading has-text-align-center\" style=\"font-size: 14px; font-style: normal; font-weight: 400;\">7 ADVANTAGES OF THE JULIEN FOURNI\u00c9&#8217;S BOUTIQUE<\/h5>\r\n\r\n\r\n\r\n<ol class=\"wp-block-list\">\r\n<li style=\"font-size: 10px;\">Exclusive models, only available in our official online boutique.<\/li>\r\n\r\n\r\n\r\n<li style=\"font-size: 10px;\">Free delivery worldwide.<\/li>\r\n\r\n\r\n\r\n<li style=\"font-size: 10px;\">The<a href=\"https:\/\/www.julienfournie.com\/en\/art-of-packing\/\" data-type=\"post\" data-id=\"7799\"> art of packaging<\/a>: your purchase will be delivered to you in a box with special attention.<\/li>\r\n\r\n\r\n\r\n<li style=\"font-size: 10px;\">If you are not sure which model to give as a gift, offer a<a href=\"https:\/\/www.julienfournie.com\/en\/product\/gift-card\/\" data-type=\"product\" data-id=\"8024\"> gift card<\/a>.<\/li>\r\n\r\n\r\n\r\n<li style=\"font-size: 10px;\">Return and exchange: see the conditions of <a href=\"https:\/\/www.julienfournie.com\/en\/politique-en-matiere-de-remboursements-et-de-retours\/\" data-type=\"page\" data-id=\"7589\">return and exchange<\/a>.<\/li>\r\n\r\n\r\n\r\n<li style=\"font-size: 10px;\">Secure payment.<\/li>\r\n\r\n\r\n\r\n<li style=\"font-size: 10px;\">If you have any questions, please contact our <a href=\"https:\/\/www.julienfournie.com\/en\/service-client-boutique-en-ligne\/\" data-type=\"page\" data-id=\"7844\">customer service<\/a> department.<\/li>\r\n<\/ol>\r\n<\/div>\r\n\r\n\r\n\r\n<div class=\"wp-block-spacer\" style=\"height: 5px;\" aria-hidden=\"true\">\u00a0<\/div>\r\n<\/div>\r\n\r\n\r\n\r\n<div class=\"wp-block-column is-layout-flow wp-block-column-is-layout-flow\" style=\"flex-basis: 10%;\">\u00a0<\/div>\r\n<\/div>\r\n<\/div>\r\n\r\n\r\n\r\n<div class=\"wp-block-columns alignwide has-background-color has-text-color has-background is-layout-flex wp-container-core-columns-is-layout-28f84493 wp-block-columns-is-layout-flex\" style=\"background-color: #040419;\">\r\n<div class=\"wp-block-column is-vertically-aligned-center is-layout-flow wp-block-column-is-layout-flow\" style=\"flex-basis: 33.33%;\"><p> [modula id=&#8221;11602&#8243;] <\/p>\n<\/div>\r\n\r\n\r\n\r\n<div class=\"wp-block-column is-layout-flow wp-block-column-is-layout-flow\" style=\"flex-basis: 66.66%;\">\r\n<div class=\"wp-block-group is-layout-constrained wp-block-group-is-layout-constrained\" style=\"font-size: 12px;\">\r\n<h6 class=\"wp-block-heading\" style=\"font-size: 14px; font-style: normal; font-weight: 300;\">ABOUT THE HAUTE COUTURE HOUSE JULIEN FOURNI\u00c9<\/h6>\r\n\r\n\r\n\r\n<p>Founded in 2009 by fashion designer Julien Fourni\u00e9, the <a href=\"https:\/\/www.julienfournie.com\/en\/house-julien-fournie-haute-couture-paris\/\">Julien Fourni\u00e9 House of Haute Couture<\/a> became a &#8220;guest member&#8221; in the official Haute Couture show calendar in 2011.<\/p>\r\n\r\n\r\n\r\n<p>In January 2017, the Julien Fourni\u00e9 house was officially classified as &#8220;Haute Couture&#8221;.<\/p>\r\n\r\n\r\n\r\n<p>The <a href=\"https:\/\/www.julienfournie.com\/en\/haute-couture-meaning-definition\/\">Haute Couture label<\/a>, protected by the French Ministry of Industry, is awarded to a few houses (only sixteen prestigious names on this list today) that combine the best of creativity in design and the highest quality in garment making.<\/p>\r\n\r\n\r\n\r\n<p>While respecting the tradition of Haute Couture, Julien Fourni\u00e9 has also forged new partnerships with high-tech giants such as Dassault Syst\u00e8mes, Apple and Tencent. Julien Fourni\u00e9 has thus been able to digitize the creation, design and customization of his Haute Couture pieces. He is one of the few Haute Couture designers to master the new digital tools.<\/p>\r\n\r\n\r\n\r\n<p>In April 23, the first retrospective showing some twenty of Julien Fourni\u00e9&#8217;s iconic dresses was organized at SCAD Lacoste, and the exhibition was extended twice due to its success.<\/p>\r\n\r\n\r\n\r\n<h6 class=\"wp-block-heading\" style=\"font-size: 14px; font-style: normal; font-weight: 300;\">HAUTE COUTURE BAGS<\/h6>\r\n<\/div>\r\n\r\n\r\n\r\n<div class=\"wp-block-group is-layout-constrained wp-block-group-is-layout-constrained\" style=\"font-size: 12px;\">\r\n<p>Since December 2020, Julien Fourni\u00e9 has been developing a line of luxury bags and accessories. Initially, the idea was to offer handbags seen in Julien Fourni\u00e9&#8217;s Haute Couture shows and reserved, until then, for Haute Couture clients.<\/p>\r\n\r\n\r\n\r\n<p>Since then, Julien Fourni\u00e9 has created new designs ranging from evening clutches to luxury tote bags and handbags, becoming one of the most exclusive luxury handbag brands.<\/p>\r\n\r\n\r\n\r\n<p>These high-end bags are made in the purest respect of artisanal traditions.<\/p>\r\n\r\n\r\n\r\n<p>For the time being, these new luxury bags are exclusively available on the House&#8217;s online store.<\/p>\r\n<\/div>\r\n<\/div>\r\n<\/div>\r\n<!-- \/wp:post-content -->","protected":false},"excerpt":{"rendered":"<p>Presented during the fashion show of the First Sunshine Haute Couture collection, the Mercure Bag invites you to travel far or everyday.<\/p>\n<p>For this bag, Julien Fourni\u00e9 revisited the messenger of the letter carrier of the 1940s.<\/p>\n","protected":false},"featured_media":12841,"comment_status":"open","ping_status":"closed","template":"","meta":{"_uag_custom_page_level_css":"","site-sidebar-layout":"default","site-content-layout":"","ast-site-content-layout":"default","site-content-style":"default","site-sidebar-style":"default","ast-global-header-display":"","ast-banner-title-visibility":"","ast-main-header-display":"","ast-hfb-above-header-display":"","ast-hfb-below-header-display":"","ast-hfb-mobile-header-display":"","site-post-title":"","ast-breadcrumbs-content":"","ast-featured-img":"","footer-sml-layout":"","ast-disable-related-posts":"","theme-transparent-header-meta":"","adv-header-id-meta":"","stick-header-meta":"","header-above-stick-meta":"","header-main-stick-meta":"","header-below-stick-meta":"","astra-migrate-meta-layouts":"default","ast-page-background-enabled":"default","ast-page-background-meta":{"desktop":{"background-color":"var(--ast-global-color-5)","background-image":"","background-repeat":"repeat","background-position":"center center","background-size":"auto","background-attachment":"scroll","background-type":"","background-media":"","overlay-type":"","overlay-color":"","overlay-opacity":"","overlay-gradient":""},"tablet":{"background-color":"","background-image":"","background-repeat":"repeat","background-position":"center center","background-size":"auto","background-attachment":"scroll","background-type":"","background-media":"","overlay-type":"","overlay-color":"","overlay-opacity":"","overlay-gradient":""},"mobile":{"background-color":"","background-image":"","background-repeat":"repeat","background-position":"center center","background-size":"auto","background-attachment":"scroll","background-type":"","background-media":"","overlay-type":"","overlay-color":"","overlay-opacity":"","overlay-gradient":""}},"ast-content-background-meta":{"desktop":{"background-color":"var(--ast-global-color-4)","background-image":"","background-repeat":"repeat","background-position":"center center","background-size":"auto","background-attachment":"scroll","background-type":"","background-media":"","overlay-type":"","overlay-color":"","overlay-opacity":"","overlay-gradient":""},"tablet":{"background-color":"var(--ast-global-color-4)","background-image":"","background-repeat":"repeat","background-position":"center center","background-size":"auto","background-attachment":"scroll","background-type":"","background-media":"","overlay-type":"","overlay-color":"","overlay-opacity":"","overlay-gradient":""},"mobile":{"background-color":"var(--ast-global-color-4)","background-image":"","background-repeat":"repeat","background-position":"center center","background-size":"auto","background-attachment":"scroll","background-type":"","background-media":"","overlay-type":"","overlay-color":"","overlay-opacity":"","overlay-gradient":""}},"editor_notices":[]},"product_brand":[],"product_cat":[21,83],"product_tag":[81],"class_list":{"0":"post-10622","1":"product","2":"type-product","3":"status-publish","4":"has-post-thumbnail","6":"product_cat-luxury-bags-from-julien-fournie-haute-couture","7":"product_cat-mercure-baguette-bag","8":"product_tag-new","9":"desktop-align-center","10":"tablet-align-left","11":"mobile-align-left","12":"ast-product-gallery-layout-vertical-slider","13":"ast-product-tabs-layout-horizontal","14":"ast-qv-on-image","16":"first","17":"outofstock","18":"sold-individually","19":"shipping-taxable","20":"purchasable","21":"product-type-simple"},"uagb_featured_image_src":{"full":["https:\/\/www.julienfournie.com\/en\/wp-content\/uploads\/sites\/4\/2023\/03\/Sac-Baguette-Mercure-Sand-1.png",1304,1302,false],"thumbnail":["https:\/\/www.julienfournie.com\/en\/wp-content\/uploads\/sites\/4\/2023\/03\/Sac-Baguette-Mercure-Sand-1-150x150.png",150,150,true],"medium":["https:\/\/www.julienfournie.com\/en\/wp-content\/uploads\/sites\/4\/2023\/03\/Sac-Baguette-Mercure-Sand-1-300x300.png",300,300,true],"medium_large":["https:\/\/www.julienfournie.com\/en\/wp-content\/uploads\/sites\/4\/2023\/03\/Sac-Baguette-Mercure-Sand-1-768x767.png",768,767,true],"large":["https:\/\/www.julienfournie.com\/en\/wp-content\/uploads\/sites\/4\/2023\/03\/Sac-Baguette-Mercure-Sand-1-1024x1022.png",1024,1022,true],"1536x1536":["https:\/\/www.julienfournie.com\/en\/wp-content\/uploads\/sites\/4\/2023\/03\/Sac-Baguette-Mercure-Sand-1.png",1304,1302,false],"2048x2048":["https:\/\/www.julienfournie.com\/en\/wp-content\/uploads\/sites\/4\/2023\/03\/Sac-Baguette-Mercure-Sand-1.png",1304,1302,false],"woocommerce_thumbnail":["https:\/\/www.julienfournie.com\/en\/wp-content\/uploads\/sites\/4\/2023\/03\/Sac-Baguette-Mercure-Sand-1-300x300.png",300,300,true],"woocommerce_single":["https:\/\/www.julienfournie.com\/en\/wp-content\/uploads\/sites\/4\/2023\/03\/Sac-Baguette-Mercure-Sand-1-600x599.png",600,599,true],"woocommerce_gallery_thumbnail":["https:\/\/www.julienfournie.com\/en\/wp-content\/uploads\/sites\/4\/2023\/03\/Sac-Baguette-Mercure-Sand-1-100x100.png",100,100,true]},"uagb_author_info":{"display_name":"Maison Julien Fourni\u00e9","author_link":"https:\/\/www.julienfournie.com\/en\/author\/"},"uagb_comment_info":0,"uagb_excerpt":"Presented during the fashion show of the First Sunshine Haute Couture collection, the Mercure Bag invites you to travel far or everyday. For this bag, Julien Fourni\u00e9 revisited the messenger of the letter carrier of the 1940s.","_links":{"self":[{"href":"https:\/\/www.julienfournie.com\/en\/wp-json\/wp\/v2\/product\/10622","targetHints":{"allow":["GET"]}}],"collection":[{"href":"https:\/\/www.julienfournie.com\/en\/wp-json\/wp\/v2\/product"}],"about":[{"href":"https:\/\/www.julienfournie.com\/en\/wp-json\/wp\/v2\/types\/product"}],"replies":[{"embeddable":true,"href":"https:\/\/www.julienfournie.com\/en\/wp-json\/wp\/v2\/comments?post=10622"}],"wp:featuredmedia":[{"embeddable":true,"href":"https:\/\/www.julienfournie.com\/en\/wp-json\/wp\/v2\/media\/12841"}],"wp:attachment":[{"href":"https:\/\/www.julienfournie.com\/en\/wp-json\/wp\/v2\/media?parent=10622"}],"wp:term":[{"taxonomy":"product_brand","embeddable":true,"href":"https:\/\/www.julienfournie.com\/en\/wp-json\/wp\/v2\/product_brand?post=10622"},{"taxonomy":"product_cat","embeddable":true,"href":"https:\/\/www.julienfournie.com\/en\/wp-json\/wp\/v2\/product_cat?post=10622"},{"taxonomy":"product_tag","embeddable":true,"href":"https:\/\/www.julienfournie.com\/en\/wp-json\/wp\/v2\/product_tag?post=10622"}],"curies":[{"name":"wp","href":"https:\/\/api.w.org\/{rel}","templated":true}]}}