{"id":10457,"date":"2023-03-08T06:51:53","date_gmt":"2023-03-08T05:51:53","guid":{"rendered":"https:\/\/www.julienfournie.com\/en\/?post_type=product&#038;p=10457"},"modified":"2026-03-12T17:00:47","modified_gmt":"2026-03-12T16:00:47","slug":"embroidered-handbags-flamingo","status":"publish","type":"product","link":"https:\/\/www.julienfournie.com\/en\/product\/embroidered-handbags-flamingo\/","title":{"rendered":"CRAZY FLAMINGO PREMIER BAG"},"content":{"rendered":"<h6>Julien Fourni\u00e9 Haute Couture luxury handbags<\/h6>\r\nThis luxury bag is made of lilac silk satin embroidered with a Crazy Flamingo motif in crystal, sequins and seed beads and alligator embossed calf leather.\r\n\r\nThe side gussets are in embossed alligator calf leather.\r\n\r\nThe removable and adjustable chain (Length 121cm) and metalwork are &#8220;gold&#8221; color.\r\n\r\n\r\n<div class=\"wp-block-columns alignwide has-background-color has-text-color has-background is-layout-flex wp-container-core-columns-is-layout-28f84493 wp-block-columns-is-layout-flex\" style=\"background-color:#040419\">\r\n<div class=\"wp-block-column is-layout-flow wp-block-column-is-layout-flow\">\r\n<h5 class=\"wp-block-heading\" style=\"font-size:14px;font-style:normal;font-weight:400\">What you need to know about the Premier Bag<\/h5>\r\n\r\n\r\n\r\n<h6 class=\"wp-block-heading\" style=\"font-size:14px;font-style:normal;font-weight:400\">THE STORY<\/h6>\r\n\r\n\r\n\r\n<p style=\"font-size:12px\">Every season, Julien Fourni\u00e9 creates new versions of his Premier handbag. <\/p>\r\n\r\n\r\n\r\n<p style=\"font-size:12px\">The designer offers a few unique examples of this luxury handbag. These objects are made in the purest respect of craft traditions. They are made in one or two copies only. <\/p>\r\n\r\n\r\n\r\n<p style=\"font-size:12px\">Until recently, these precious bags were reserved for Haute Couture clients. They could be purchased with the outfit they complemented. <\/p>\r\n\r\n\r\n\r\n<p style=\"font-size:12px\">Premiers bags are now available for those looking to complement their wardrobe with these handmade accessories, Julien Fourni\u00e9 becomming one of most exclusive luxury bag brands.<\/p>\r\n\r\n\r\n\r\n<h6 class=\"wp-block-heading\" style=\"font-size:14px;font-style:normal;font-weight:400\">ELEGANCE AND AUTHENTICITY<\/h6>\r\n\r\n\r\n\r\n<blockquote class=\"wp-block-quote is-layout-flow wp-block-quote-is-layout-flow\">\r\n<p style=\"font-size:12px\">&#8220;I wanted to allow women who don&#8217;t have access to the Haute Couture wardrobe to be able to purchase the accessories I design. <\/p>\r\n<cite>Julien Fourni\u00e9<\/cite><\/blockquote>\r\n\r\n\r\n\r\n<p style=\"font-size:12px\">This luxury handbag is adorned with rigorously selected precious materials.<\/p>\r\n\r\n\r\n\r\n<h6 class=\"wp-block-heading\" style=\"font-size:14px;font-style:normal;font-weight:400\">REAL ORNAMENTS<\/h6>\r\n\r\n\r\n\r\n<p style=\"font-size:12px\">Discreetly stamped with the House&#8217;s logo, this luxury handbag is&nbsp; real adornment designed for women who seek elegance and authenticity.<\/p>\r\n\r\n\r\n\r\n<blockquote class=\"wp-block-quote is-layout-flow wp-block-quote-is-layout-flow\">\r\n<p style=\"font-size:12px\">&#8220;Around two inside pockets closed by a flap, this accessory of reasonable dimensions can contain the essential of the precious weapons which the woman needs close to her in an object which quickly becomes a talisman for the one who adopts it &#8220;. <\/p>\r\n<cite>Julien Fourni\u00e9<\/cite><\/blockquote>\r\n\r\n\r\n\r\n<h6 class=\"wp-block-heading\" style=\"font-size:14px;font-style:normal;font-weight:400\">One of iconic luxury bags<\/h6>\r\n\r\n\r\n\r\n<p style=\"font-size:12px\">The Premier bag is Julien Fourni\u00e9&#8217;s iconic luxury handbag, although other models such as the Venus bag and the Pluton clutch have since been added to the Julien Fourni\u00e9 range of accessories. This luxury bag, like each version of the Premier Bag, is made in a few copies, for women who want to own a unique accessory, which has almost no chance of being found on another, like a Haute Couture dress created by Julien Fourni\u00e9 for a particular client.<\/p>\r\n\r\n\r\n\r\n<h6 class=\"wp-block-heading\" style=\"font-size:14px;font-style:normal;font-weight:300\">Careful manufacturing for each handbag<\/h6>\r\n\r\n\r\n\r\n<p style=\"font-size:12px\">These haute coutre bags are crafted in the purest respect of artisanal traditions. This bag is handmade and Julien Fourni\u00e9 ensures that his quality requirements are scrupulously respected at every stage of production.<\/p>\r\n\r\n\r\n\r\n<h6 class=\"wp-block-heading\" style=\"font-size:14px;font-style:normal;font-weight:400\">shoulder bag and Cross Body Bag<\/h6>\r\n\r\n\r\n\r\n<p style=\"font-size:14px\">Julien Fourni\u00e9 favors local suppliers. It selects natural, biodegradable and precious materials whose origin is rigorously controlled. This luxury bag is versatile. This luxury bag can be transformed into an evening clutch thanks to its removable chain, a Cross Body bag, or worn under the shoulder.<\/p>\r\n<\/div>\r\n<\/div>\r\n\r\n\r\nThe interior of this shoulder bag is in grosgrain faille, with a double gusseted interior pocket and an interior zipped pocket.\r\n\r\n<div class=\"wp-block-columns alignwide has-background-color has-text-color has-background is-layout-flex wp-container-core-columns-is-layout-28f84493 wp-block-columns-is-layout-flex\" style=\"background-color:#040419\">\r\n<div class=\"wp-block-column is-vertically-aligned-center is-layout-flow wp-block-column-is-layout-flow\" style=\"flex-basis:33.33%\"><p>[modula id=&#8221;11602&#8243;]<\/p>\n<\/div>\r\n\r\n\r\n\r\n<div class=\"wp-block-column is-layout-flow wp-block-column-is-layout-flow\" style=\"flex-basis:66.66%\">\r\n<div class=\"wp-block-group is-layout-constrained wp-block-group-is-layout-constrained\" style=\"font-size:12px\">\r\n<h6 class=\"wp-block-heading\" style=\"font-size:14px;font-style:normal;font-weight:300\">ABOUT THE HAUTE COUTURE HOUSE JULIEN FOURNI\u00c9<\/h6>\r\n\r\n\r\n\r\n<p>Founded in 2009 by fashion designer Julien Fourni\u00e9, the <a href=\"https:\/\/www.julienfournie.com\/en\/house-julien-fournie-haute-couture-paris\/\">Julien Fourni\u00e9 House of Haute Couture<\/a> became a &#8220;guest member&#8221; in the official Haute Couture show calendar in 2011.<\/p>\r\n\r\n\r\n\r\n<p>In January 2017, the Julien Fourni\u00e9 house was officially classified as &#8220;Haute Couture&#8221;.<\/p>\r\n\r\n\r\n\r\n<p>The <a href=\"https:\/\/www.julienfournie.com\/en\/haute-couture-meaning-definition\/\">Haute Couture label<\/a>, protected by the French Ministry of Industry, is awarded to a few houses (only sixteen prestigious names on this list today) that combine the best of creativity in design and the highest quality in garment making.<\/p>\r\n\r\n\r\n\r\n<p>While respecting the tradition of Haute Couture, Julien Fourni\u00e9 has also forged new partnerships with high-tech giants such as Dassault Syst\u00e8mes, Apple and Tencent. Julien Fourni\u00e9 has thus been able to digitize the creation, design and customization of his Haute Couture pieces. He is one of the few Haute Couture designers to master the new digital tools.<\/p>\r\n\r\n\r\n\r\n<p>In April 23, the first retrospective showing some twenty of Julien Fourni\u00e9&#8217;s iconic dresses was organized at SCAD Lacoste, and the exhibition was extended twice due to its success.<\/p>\r\n\r\n\r\n\r\n<h6 class=\"wp-block-heading\" style=\"font-size:14px;font-style:normal;font-weight:300\">HAUTE COUTURE BAGS<\/h6>\r\n<\/div>\r\n\r\n\r\n\r\n<div class=\"wp-block-group is-layout-constrained wp-block-group-is-layout-constrained\" style=\"font-size:12px\">\r\n<p>Since December 2020, Julien Fourni\u00e9 has been developing a line of luxury bags and accessories. Initially, the idea was to offer handbags seen in Julien Fourni\u00e9&#8217;s Haute Couture shows and reserved, until then, for Haute Couture clients.<\/p>\r\n\r\n\r\n\r\n<p>Since then, Julien Fourni\u00e9 has created new designs ranging from evening clutches to luxury tote bags and handbags, becoming one of the most exclusive luxury handbag brands.<\/p>\r\n\r\n\r\n\r\n<p>These high-end bags are made in the purest respect of artisanal traditions.<\/p>\r\n\r\n\r\n\r\n<p>For the time being, these new luxury bags are exclusively available on the House&#8217;s online store.<\/p>\r\n<\/div>\r\n<\/div>\r\n<\/div>\r\n\r\n\r\n<div class=\"wp-block-column is-vertically-aligned-center is-layout-flow wp-block-column-is-layout-flow\">\r\n<div class=\"wp-block-columns is-layout-flex wp-container-core-columns-is-layout-28f84493 wp-block-columns-is-layout-flex\">\r\n<div class=\"wp-block-column is-layout-flow wp-block-column-is-layout-flow\" style=\"flex-basis:10%\"><\/div>\r\n\r\n\r\n\r\n<div class=\"wp-block-column is-vertically-aligned-center has-subtle-background-background-color has-background is-layout-flow wp-block-column-is-layout-flow\" style=\"flex-basis:80%\">\r\n<div class=\"wp-block-group has-primary-color has-text-color is-layout-constrained wp-block-group-is-layout-constrained\">\r\n<h5 class=\"wp-block-heading has-text-align-center\" style=\"font-size:14px;font-style:normal;font-weight:400\">7 ADVANTAGES OF THE JULIEN FOURNI\u00c9&#8217;S BOUTIQUE<\/h5>\r\n\r\n\r\n\r\n<ol class=\"wp-block-list\">\r\n<li style=\"font-size:10px\">Exclusive models, only available in our official online boutique.<\/li>\r\n\r\n\r\n\r\n<li style=\"font-size:10px\">Free delivery worldwide.<\/li>\r\n\r\n\r\n\r\n<li style=\"font-size:10px\">The<a href=\"https:\/\/www.julienfournie.com\/en\/art-of-packing\/\" data-type=\"post\" data-id=\"7799\"> art of packaging<\/a>: your purchase will be delivered to you in a box with special attention.<\/li>\r\n\r\n\r\n\r\n<li style=\"font-size:10px\">If you are not sure which model to give as a gift, offer a<a href=\"https:\/\/www.julienfournie.com\/en\/product\/gift-card\/\" data-type=\"product\" data-id=\"8024\"> gift card<\/a>.<\/li>\r\n\r\n\r\n\r\n<li style=\"font-size:10px\">Return and exchange: see the conditions of <a href=\"https:\/\/www.julienfournie.com\/en\/politique-en-matiere-de-remboursements-et-de-retours\/\" data-type=\"page\" data-id=\"7589\">return and exchange<\/a>.<\/li>\r\n\r\n\r\n\r\n<li style=\"font-size:10px\">Secure payment.<\/li>\r\n\r\n\r\n\r\n<li style=\"font-size:10px\">If you have any questions, please contact our <a href=\"https:\/\/www.julienfournie.com\/en\/service-client-boutique-en-ligne\/\" data-type=\"page\" data-id=\"7844\">customer service<\/a> department.<\/li>\r\n<\/ol>\r\n<\/div>\r\n\r\n\r\n\r\n<div style=\"height:5px\" aria-hidden=\"true\" class=\"wp-block-spacer\"><\/div>\r\n<\/div>\r\n\r\n\r\n\r\n<div class=\"wp-block-column is-layout-flow wp-block-column-is-layout-flow\" style=\"flex-basis:10%\"><\/div>\r\n<\/div>\r\n<\/div>\r\n","protected":false},"excerpt":{"rendered":"<p>One of the exceptional and iconic handbags the House.<\/p>\n<p>This shoulder handbag is embroidered with crystal, sequins and seed beads.<\/p>\n<p>The Crazy Flamingo pattern gives a unique look to this exceptional bag.<\/p>\n<p>The leather is embossed alligator.<\/p>\n","protected":false},"featured_media":12873,"comment_status":"open","ping_status":"closed","template":"","meta":{"_uag_custom_page_level_css":"","site-sidebar-layout":"default","site-content-layout":"","ast-site-content-layout":"default","site-content-style":"default","site-sidebar-style":"default","ast-global-header-display":"","ast-banner-title-visibility":"","ast-main-header-display":"","ast-hfb-above-header-display":"","ast-hfb-below-header-display":"","ast-hfb-mobile-header-display":"","site-post-title":"","ast-breadcrumbs-content":"","ast-featured-img":"","footer-sml-layout":"","ast-disable-related-posts":"","theme-transparent-header-meta":"","adv-header-id-meta":"","stick-header-meta":"","header-above-stick-meta":"","header-main-stick-meta":"","header-below-stick-meta":"","astra-migrate-meta-layouts":"default","ast-page-background-enabled":"default","ast-page-background-meta":{"desktop":{"background-color":"var(--ast-global-color-5)","background-image":"","background-repeat":"repeat","background-position":"center center","background-size":"auto","background-attachment":"scroll","background-type":"","background-media":"","overlay-type":"","overlay-color":"","overlay-opacity":"","overlay-gradient":""},"tablet":{"background-color":"","background-image":"","background-repeat":"repeat","background-position":"center center","background-size":"auto","background-attachment":"scroll","background-type":"","background-media":"","overlay-type":"","overlay-color":"","overlay-opacity":"","overlay-gradient":""},"mobile":{"background-color":"","background-image":"","background-repeat":"repeat","background-position":"center center","background-size":"auto","background-attachment":"scroll","background-type":"","background-media":"","overlay-type":"","overlay-color":"","overlay-opacity":"","overlay-gradient":""}},"ast-content-background-meta":{"desktop":{"background-color":"var(--ast-global-color-4)","background-image":"","background-repeat":"repeat","background-position":"center center","background-size":"auto","background-attachment":"scroll","background-type":"","background-media":"","overlay-type":"","overlay-color":"","overlay-opacity":"","overlay-gradient":""},"tablet":{"background-color":"var(--ast-global-color-4)","background-image":"","background-repeat":"repeat","background-position":"center center","background-size":"auto","background-attachment":"scroll","background-type":"","background-media":"","overlay-type":"","overlay-color":"","overlay-opacity":"","overlay-gradient":""},"mobile":{"background-color":"var(--ast-global-color-4)","background-image":"","background-repeat":"repeat","background-position":"center center","background-size":"auto","background-attachment":"scroll","background-type":"","background-media":"","overlay-type":"","overlay-color":"","overlay-opacity":"","overlay-gradient":""}},"editor_notices":[]},"product_brand":[],"product_cat":[88,21,46],"product_tag":[81],"class_list":{"0":"post-10457","1":"product","2":"type-product","3":"status-publish","4":"has-post-thumbnail","6":"product_cat-haute-couture-handbags","7":"product_cat-luxury-bags-from-julien-fournie-haute-couture","8":"product_cat-premier-luxury-handbags","9":"product_tag-new","10":"desktop-align-center","11":"tablet-align-left","12":"mobile-align-left","13":"ast-product-gallery-layout-vertical-slider","14":"ast-product-tabs-layout-horizontal","15":"ast-qv-on-image","17":"first","18":"instock","19":"sold-individually","20":"shipping-taxable","21":"purchasable","22":"product-type-simple"},"uagb_featured_image_src":{"full":["https:\/\/www.julienfournie.com\/en\/wp-content\/uploads\/sites\/4\/2023\/03\/Sac-a-main-Premier-Pink-Flamingo.png",940,939,false],"thumbnail":["https:\/\/www.julienfournie.com\/en\/wp-content\/uploads\/sites\/4\/2023\/03\/Sac-a-main-Premier-Pink-Flamingo-150x150.png",150,150,true],"medium":["https:\/\/www.julienfournie.com\/en\/wp-content\/uploads\/sites\/4\/2023\/03\/Sac-a-main-Premier-Pink-Flamingo-300x300.png",300,300,true],"medium_large":["https:\/\/www.julienfournie.com\/en\/wp-content\/uploads\/sites\/4\/2023\/03\/Sac-a-main-Premier-Pink-Flamingo-768x767.png",768,767,true],"large":["https:\/\/www.julienfournie.com\/en\/wp-content\/uploads\/sites\/4\/2023\/03\/Sac-a-main-Premier-Pink-Flamingo.png",940,939,false],"1536x1536":["https:\/\/www.julienfournie.com\/en\/wp-content\/uploads\/sites\/4\/2023\/03\/Sac-a-main-Premier-Pink-Flamingo.png",940,939,false],"2048x2048":["https:\/\/www.julienfournie.com\/en\/wp-content\/uploads\/sites\/4\/2023\/03\/Sac-a-main-Premier-Pink-Flamingo.png",940,939,false],"woocommerce_thumbnail":["https:\/\/www.julienfournie.com\/en\/wp-content\/uploads\/sites\/4\/2023\/03\/Sac-a-main-Premier-Pink-Flamingo-300x300.png",300,300,true],"woocommerce_single":["https:\/\/www.julienfournie.com\/en\/wp-content\/uploads\/sites\/4\/2023\/03\/Sac-a-main-Premier-Pink-Flamingo-600x599.png",600,599,true],"woocommerce_gallery_thumbnail":["https:\/\/www.julienfournie.com\/en\/wp-content\/uploads\/sites\/4\/2023\/03\/Sac-a-main-Premier-Pink-Flamingo-100x100.png",100,100,true]},"uagb_author_info":{"display_name":"Maison Julien Fourni\u00e9","author_link":"https:\/\/www.julienfournie.com\/en\/author\/"},"uagb_comment_info":0,"uagb_excerpt":"One of the exceptional and iconic handbags the House. This shoulder handbag is embroidered with crystal, sequins and seed beads. The Crazy Flamingo pattern gives a unique look to this exceptional bag. The leather is embossed alligator.","_links":{"self":[{"href":"https:\/\/www.julienfournie.com\/en\/wp-json\/wp\/v2\/product\/10457","targetHints":{"allow":["GET"]}}],"collection":[{"href":"https:\/\/www.julienfournie.com\/en\/wp-json\/wp\/v2\/product"}],"about":[{"href":"https:\/\/www.julienfournie.com\/en\/wp-json\/wp\/v2\/types\/product"}],"replies":[{"embeddable":true,"href":"https:\/\/www.julienfournie.com\/en\/wp-json\/wp\/v2\/comments?post=10457"}],"wp:featuredmedia":[{"embeddable":true,"href":"https:\/\/www.julienfournie.com\/en\/wp-json\/wp\/v2\/media\/12873"}],"wp:attachment":[{"href":"https:\/\/www.julienfournie.com\/en\/wp-json\/wp\/v2\/media?parent=10457"}],"wp:term":[{"taxonomy":"product_brand","embeddable":true,"href":"https:\/\/www.julienfournie.com\/en\/wp-json\/wp\/v2\/product_brand?post=10457"},{"taxonomy":"product_cat","embeddable":true,"href":"https:\/\/www.julienfournie.com\/en\/wp-json\/wp\/v2\/product_cat?post=10457"},{"taxonomy":"product_tag","embeddable":true,"href":"https:\/\/www.julienfournie.com\/en\/wp-json\/wp\/v2\/product_tag?post=10457"}],"curies":[{"name":"wp","href":"https:\/\/api.w.org\/{rel}","templated":true}]}}