{"id":17807,"date":"2024-12-11T15:14:37","date_gmt":"2024-12-11T14:14:37","guid":{"rendered":"https:\/\/www.julienfournie.com\/en\/?page_id=17807"},"modified":"2025-01-02T08:20:18","modified_gmt":"2025-01-02T07:20:18","slug":"haute-couture-week-new-collections","status":"publish","type":"page","link":"https:\/\/www.julienfournie.com\/en\/haute-couture-week-new-collections\/","title":{"rendered":"Haute Couture Week: the new First Circus collection"},"content":{"rendered":"\n<div class=\"wp-block-columns alignwide is-layout-flex wp-container-core-columns-is-layout-28f84493 wp-block-columns-is-layout-flex\">\n<div class=\"wp-block-column is-layout-flow wp-block-column-is-layout-flow\">\n<div style=\"padding:56.25% 0 0 0;position:relative;\"><iframe loading=\"lazy\" width=\"100%\" height=\"100%\" src=\"https:\/\/app.videas.fr\/embed\/media\/4e70d582-a4fa-4562-a794-80efcf003c2a\/?player=88e42b5c-9cac-406a-80a8-2096c8359f29\" frameborder=\"0\" allow=\"accelerometer; autoplay; encrypted-media; gyroscope; picture-in-picture\" allowfullscreen=\"true\" style=\"position: absolute; top: 0; left: 0\" referrerpolicy=\"unsafe-url\"><\/iframe><\/div>\n\n\n\n<h2 class=\"wp-block-heading\" style=\"font-size:18px\">The Haute Couture Week<\/h2>\n\n\n\n<p style=\"font-size:12px\">The Spring\/Summer 2025 Haute Couture collections will be presented from Monday 27 January to Thursday 30 January 2025 at the prestigious Haute Couture week.<\/p>\n\n\n\n<p style=\"font-size:12px\">This week takes place twice a year (Spring\/Summer in January and Autumn\/Winter in July). Haute Couture Week is structured around its official calendar, which includes a series of events that reflect the uniqueness of the Parisian marketplace as the sole repository of Haute Couture creations and the expertise associated with them.<\/p>\n\n\n\n<h2 class=\"wp-block-heading\" style=\"font-size:18px\">The new First Circus Haute Couture collection<\/h2>\n\n\n\n<p style=\"font-size:12px\">The house will present its new First Circus Haute Couture collection on Tuesday 28 January as part of Haute Couture Fashion Week 2025.<\/p>\n\n\n\n<div style=\"padding:56.25% 0 0 0;position:relative;\"><iframe loading=\"lazy\" width=\"100%\" height=\"100%\" src=\"https:\/\/app.videas.fr\/embed\/media\/5ce1e7d9-181d-468b-8fd6-a4371da8ba1c\/?player=88e42b5c-9cac-406a-80a8-2096c8359f29\" frameborder=\"0\" allow=\"accelerometer; autoplay; encrypted-media; gyroscope; picture-in-picture\" allowfullscreen=\"true\" style=\"position: absolute; top: 0; left: 0\" referrerpolicy=\"unsafe-url\"><\/iframe><\/div>\n\n\n\n<h2 class=\"wp-block-heading\" style=\"font-size:18px\">House of Julien Fourni\u00e9<\/h2>\n\n\n\n<p style=\"font-size:12px\">Founded in 2009, Maison Julien Fourni\u00e9 is more than a fashion brand, it&#8217;s a luxury experience that transcends trends and seasons. With a commitment to excellence and innovation, Julien Fourni\u00e9 continues to redefine the world of haute couture and ultra-luxury. Since then, Julien Fourni\u00e9 has presented its collections during Haute Couture fashion week.<\/p>\n\n\n\n<h2 class=\"wp-block-heading\" style=\"font-size:18px\">Get your accreditation<\/h2>\n\n\n\n<div style=\"height:30px\" aria-hidden=\"true\" class=\"wp-block-spacer\"><\/div>\n\n\n\n<iframe loading=\"lazy\" width=\"1500\" height=\"2000\" src=\"https:\/\/295cd177.sibforms.com\/serve\/MUIFAOCnAZsdEKtNhaRWWA7V4gL6GxVlQrVQ3_oTDV1POm2tuWlxAN_tKTiOvQkaVe0stw-J1g8wOPt5NEGsu0ASi7AbPcktrzpgn3518nNSY25R5doj8bTjjI10SDxn8Wto9VtzA3-XzFTnR1lr-ZQz-Qiizr79inBjYitjttAq2uoGUouhlmKazm912TjMWroPucaTm1-qsXRw\" frameborder=\"0\" scrolling=\"auto\" allowfullscreen style=\"display: block;margin-left: auto;margin-right: auto;max-width: 100%;\"><\/iframe>\n<\/div>\n<\/div>\n\n\n\n<div class=\"wp-block-group has-ast-global-color-1-color has-black-background-color has-text-color has-background is-layout-flow wp-block-group-is-layout-flow\" style=\"border-width:1px\">\n<div class=\"wp-block-columns is-layout-flex wp-container-core-columns-is-layout-28f84493 wp-block-columns-is-layout-flex\">\n<div class=\"wp-block-column is-layout-flow wp-block-column-is-layout-flow\"><\/div>\n\n\n\n<div class=\"wp-block-column is-layout-flow wp-block-column-is-layout-flow\">\n<figure class=\"wp-block-image size-full\"><a href=\"https:\/\/www.julienfournie.com\/en\/wp-content\/uploads\/sites\/4\/2025\/06\/petitlogo.jpeg\"><img loading=\"lazy\" decoding=\"async\" width=\"640\" height=\"154\" src=\"https:\/\/www.julienfournie.com\/en\/wp-content\/uploads\/sites\/4\/2025\/06\/petitlogo.jpeg\" alt=\"Haute Couture show\" class=\"wp-image-18689\" title=\"\" srcset=\"https:\/\/www.julienfournie.com\/en\/wp-content\/uploads\/sites\/4\/2025\/06\/petitlogo.jpeg 640w, https:\/\/www.julienfournie.com\/en\/wp-content\/uploads\/sites\/4\/2025\/06\/petitlogo-300x72.jpeg 300w, https:\/\/www.julienfournie.com\/en\/wp-content\/uploads\/sites\/4\/2025\/06\/petitlogo-600x144.jpeg 600w, https:\/\/www.julienfournie.com\/en\/wp-content\/uploads\/sites\/4\/2025\/06\/petitlogo-150x36.jpeg 150w\" sizes=\"auto, (max-width: 640px) 100vw, 640px\" \/><\/a><\/figure>\n<\/div>\n\n\n\n<div class=\"wp-block-column is-layout-flow wp-block-column-is-layout-flow\"><\/div>\n<\/div>\n\n\n\n<p class=\"has-small-font-size\" style=\"border-style:none;border-width:0px\">More than a fashion brand, Maison Julien Fourni\u00e9 is a luxury experience that transcends trends and seasons. Driven by a commitment to excellence and innovation, Julien Fourni\u00e9 continuously redefines the world of ultra-luxury.<br>Founded in 2009, the house&#8217;s history is woven into its haute couture collections, presented in Paris every January and July during Haute Couture Week. For his debut collection, the young couturier was awarded the Grand Prize for Creativity by the City of Paris in January 2010. By his fourth collection in January 2011, Julien Fourni\u00e9 became a guest member of the official calendar of the Chambre Syndicale de la Haute Couture \u2014 a first step towards recognition among the great couturiers.<br>In January 2017, Maison Julien Fourni\u00e9 was officially classified as Haute Couture. This prestigious label, protected by the French Ministry of Industry, is held by only a handful of houses \u2014 currently ten \u2014 that unite the highest creativity in design with the finest standards of garment making.<br>Since its inception, the house has been invited to present its collections at prestigious events worldwide, bringing the couturier&#8217;s vision to luxury clients across the globe. In March 2023, a Julien Fourni\u00e9 gown worn by actress Audrey Fleurot entered the Mus\u00e9e Gr\u00e9vin in Paris. In April 2023, the first retrospective of Julien Fourni\u00e9&#8217;s work was held at SCAD Lacoste, in an exhibition entitled Haute Couture, un point c&#8217;est tout.<br>While honouring tradition, Julien Fourni\u00e9 has forged bold partnerships with high-tech leaders such as Apple and Tencent, digitising the creation, design and personalisation of his haute couture pieces. He stands among the rare couturiers to fully master the new digital tools. Clients are no longer mere spectators of the creative process \u2014 they have become active participants in the singular experience of creating a garment, wherever they may be.<br>Since December 2020, Julien Fourni\u00e9 has been developing a line of luxury bags and accessories, initially conceived to offer the iconic pieces seen on the runway \u2014 previously reserved for haute couture clients \u2014 to a wider audience.<\/p>\n\n\n\n<p class=\"has-small-font-size\" style=\"border-style:none;border-width:0px\"><\/p>\n<\/div>\n","protected":false},"excerpt":{"rendered":"<p>The Haute Couture Week The Spring\/Summer 2025 Haute Couture collections will be presented from Monday 27 January to Thursday 30 [&hellip;]<\/p>\n","protected":false},"author":2,"featured_media":17810,"parent":0,"menu_order":0,"comment_status":"closed","ping_status":"closed","template":"","meta":{"_uag_custom_page_level_css":"","site-sidebar-layout":"default","site-content-layout":"","ast-site-content-layout":"default","site-content-style":"default","site-sidebar-style":"default","ast-global-header-display":"","ast-banner-title-visibility":"","ast-main-header-display":"","ast-hfb-above-header-display":"","ast-hfb-below-header-display":"","ast-hfb-mobile-header-display":"","site-post-title":"","ast-breadcrumbs-content":"","ast-featured-img":"","footer-sml-layout":"","ast-disable-related-posts":"","theme-transparent-header-meta":"","adv-header-id-meta":"","stick-header-meta":"","header-above-stick-meta":"","header-main-stick-meta":"","header-below-stick-meta":"","astra-migrate-meta-layouts":"default","ast-page-background-enabled":"default","ast-page-background-meta":{"desktop":{"background-color":"var(--ast-global-color-5)","background-image":"","background-repeat":"repeat","background-position":"center center","background-size":"auto","background-attachment":"scroll","background-type":"","background-media":"","overlay-type":"","overlay-color":"","overlay-opacity":"","overlay-gradient":""},"tablet":{"background-color":"","background-image":"","background-repeat":"repeat","background-position":"center center","background-size":"auto","background-attachment":"scroll","background-type":"","background-media":"","overlay-type":"","overlay-color":"","overlay-opacity":"","overlay-gradient":""},"mobile":{"background-color":"","background-image":"","background-repeat":"repeat","background-position":"center center","background-size":"auto","background-attachment":"scroll","background-type":"","background-media":"","overlay-type":"","overlay-color":"","overlay-opacity":"","overlay-gradient":""}},"ast-content-background-meta":{"desktop":{"background-color":"var(--ast-global-color-4)","background-image":"","background-repeat":"repeat","background-position":"center center","background-size":"auto","background-attachment":"scroll","background-type":"","background-media":"","overlay-type":"","overlay-color":"","overlay-opacity":"","overlay-gradient":""},"tablet":{"background-color":"var(--ast-global-color-4)","background-image":"","background-repeat":"repeat","background-position":"center center","background-size":"auto","background-attachment":"scroll","background-type":"","background-media":"","overlay-type":"","overlay-color":"","overlay-opacity":"","overlay-gradient":""},"mobile":{"background-color":"var(--ast-global-color-4)","background-image":"","background-repeat":"repeat","background-position":"center center","background-size":"auto","background-attachment":"scroll","background-type":"","background-media":"","overlay-type":"","overlay-color":"","overlay-opacity":"","overlay-gradient":""}},"editor_notices":[],"footnotes":""},"class_list":["post-17807","page","type-page","status-publish","has-post-thumbnail","hentry"],"uagb_featured_image_src":{"full":["https:\/\/www.julienfournie.com\/en\/wp-content\/uploads\/sites\/4\/2024\/12\/firs-circus.jpg",1280,603,false],"thumbnail":["https:\/\/www.julienfournie.com\/en\/wp-content\/uploads\/sites\/4\/2024\/12\/firs-circus-150x150.jpg",150,150,true],"medium":["https:\/\/www.julienfournie.com\/en\/wp-content\/uploads\/sites\/4\/2024\/12\/firs-circus-300x141.jpg",300,141,true],"medium_large":["https:\/\/www.julienfournie.com\/en\/wp-content\/uploads\/sites\/4\/2024\/12\/firs-circus-768x362.jpg",768,362,true],"large":["https:\/\/www.julienfournie.com\/en\/wp-content\/uploads\/sites\/4\/2024\/12\/firs-circus-1024x482.jpg",1024,482,true],"1536x1536":["https:\/\/www.julienfournie.com\/en\/wp-content\/uploads\/sites\/4\/2024\/12\/firs-circus.jpg",1280,603,false],"2048x2048":["https:\/\/www.julienfournie.com\/en\/wp-content\/uploads\/sites\/4\/2024\/12\/firs-circus.jpg",1280,603,false],"woocommerce_thumbnail":["https:\/\/www.julienfournie.com\/en\/wp-content\/uploads\/sites\/4\/2024\/12\/firs-circus-450x450.jpg",300,300,true],"woocommerce_single":["https:\/\/www.julienfournie.com\/en\/wp-content\/uploads\/sites\/4\/2024\/12\/firs-circus-600x283.jpg",600,283,true],"woocommerce_gallery_thumbnail":["https:\/\/www.julienfournie.com\/en\/wp-content\/uploads\/sites\/4\/2024\/12\/firs-circus-100x100.jpg",100,100,true]},"uagb_author_info":{"display_name":"Maison Julien Fourni\u00e9","author_link":"https:\/\/www.julienfournie.com\/en\/author\/joel\/"},"uagb_comment_info":0,"uagb_excerpt":"The Haute Couture Week The Spring\/Summer 2025 Haute Couture collections will be presented from Monday 27 January to Thursday 30 [&hellip;]","_links":{"self":[{"href":"https:\/\/www.julienfournie.com\/en\/wp-json\/wp\/v2\/pages\/17807","targetHints":{"allow":["GET"]}}],"collection":[{"href":"https:\/\/www.julienfournie.com\/en\/wp-json\/wp\/v2\/pages"}],"about":[{"href":"https:\/\/www.julienfournie.com\/en\/wp-json\/wp\/v2\/types\/page"}],"author":[{"embeddable":true,"href":"https:\/\/www.julienfournie.com\/en\/wp-json\/wp\/v2\/users\/2"}],"replies":[{"embeddable":true,"href":"https:\/\/www.julienfournie.com\/en\/wp-json\/wp\/v2\/comments?post=17807"}],"version-history":[{"count":0,"href":"https:\/\/www.julienfournie.com\/en\/wp-json\/wp\/v2\/pages\/17807\/revisions"}],"wp:featuredmedia":[{"embeddable":true,"href":"https:\/\/www.julienfournie.com\/en\/wp-json\/wp\/v2\/media\/17810"}],"wp:attachment":[{"href":"https:\/\/www.julienfournie.com\/en\/wp-json\/wp\/v2\/media?parent=17807"}],"curies":[{"name":"wp","href":"https:\/\/api.w.org\/{rel}","templated":true}]}}