{"id":17733,"date":"2024-11-10T13:35:05","date_gmt":"2024-11-10T12:35:05","guid":{"rendered":"https:\/\/www.julienfournie.com\/en\/?page_id=17733"},"modified":"2026-04-01T11:44:36","modified_gmt":"2026-04-01T09:44:36","slug":"designer-bags","status":"publish","type":"page","link":"https:\/\/www.julienfournie.com\/en\/designer-bags\/","title":{"rendered":"Designer bags"},"content":{"rendered":"\n\n\t\t<ul>\n<li>\n\t<a href=\"https:\/\/www.julienfournie.com\/en\/product-category\/luxury-bags-from-julien-fournie-haute-couture\/tote-bags-julien-fournie\/\" aria-label=\"View TOTE BAGS category\"><img loading=\"lazy\" decoding=\"async\" src=\"https:\/\/www.julienfournie.com\/en\/wp-content\/uploads\/sites\/4\/2026\/01\/Tote-Bags-300x300.jpg\" alt=\"TOTE BAGS\" width=\"300\" height=\"300\" title=\"\"><h2>TOTE BAGS<\/h2><mark>20 Product<\/mark><\/a><\/li>\n<li>\n\t<a href=\"https:\/\/www.julienfournie.com\/en\/product-category\/luxury-bags-from-julien-fournie-haute-couture\/premier-luxury-handbags\/\" aria-label=\"View Premier Handbags category\"><img loading=\"lazy\" decoding=\"async\" src=\"https:\/\/www.julienfournie.com\/en\/wp-content\/uploads\/sites\/4\/2026\/01\/Sacs-Premier.1-86FBF5EA-300x300.jpg\" alt=\"Premier Handbags\" width=\"300\" height=\"300\" title=\"\"><h2>Premier Handbags<\/h2><mark>34 Product<\/mark><\/a><\/li>\n<li>\n\t<a href=\"https:\/\/www.julienfournie.com\/en\/product-category\/luxury-bags-from-julien-fournie-haute-couture\/luxury-clutches\/\" aria-label=\"View Clutches category\"><img loading=\"lazy\" decoding=\"async\" src=\"https:\/\/www.julienfournie.com\/en\/wp-content\/uploads\/sites\/4\/2026\/01\/Clutches-300x300.jpg\" alt=\"Clutches\" width=\"300\" height=\"300\" title=\"\"><h2>Clutches<\/h2><mark>13 Product<\/mark><\/a><\/li>\n<li>\n\t<a href=\"https:\/\/www.julienfournie.com\/en\/product-category\/luxury-bags-from-julien-fournie-haute-couture\/big-bang-luxury-handbags\/\" aria-label=\"View Big Bang Handbags category\"><img loading=\"lazy\" decoding=\"async\" src=\"https:\/\/www.julienfournie.com\/en\/wp-content\/uploads\/sites\/4\/2026\/01\/Sacs-Big-Bang-300x300.jpg\" alt=\"Big Bang Handbags\" width=\"300\" height=\"300\" title=\"\"><h2>Big Bang Handbags<\/h2><mark>13 Product<\/mark><\/a><\/li>\n<\/ul>\n\t<strong>The Saturne Tote Bag<\/strong>\n<p>The large <a href=\"https:\/\/www.julienfournie.com\/en\/gen\/saturne-tote-bags\/\" data-type=\"envira\" data-id=\"16357\">Saturne tote bag <\/a>will allow you to carry everything you need in total elegance.<\/p>\n<p><strong>The Pollux Tote Bag<\/strong><\/p>\n<p>The <a href=\"https:\/\/www.julienfournie.com\/en\/product\/marien-antoinette-pollux-tote-bag\/\" data-type=\"product\" data-id=\"17444\">Pollux compact tote bag<\/a> is an edited size to accompany you at all times. This small tote bag is decorated with the new exclusive Hexagon monogram.<\/p>\n\t\t\t<a href=\"https:\/\/www.julienfournie.com\/en\/product-category\/luxury-bags-from-julien-fournie-haute-couture\/tote-bags-julien-fournie\/\" target=\"_self\">\n\t\t\t\t\t\t\tSee\n\t\t\t<\/a>\n<strong>The Premier handbag<\/strong>\n<p><a href=\"https:\/\/www.julienfournie.com\/en\/new-luxury-handbags-premier-handbags\/\" data-type=\"page\" data-id=\"17397\">The Premier handbag<\/a> is the iconic luxury handbag of the house.<\/p>\n<p>Julien Fourni\u00e9 offers a few pieces of these luxury purses for women which are available in several colors, skins (lambskin, suede calfskin, python, alligator&#8230;).<\/p>\n<p>The House also uses Haute Couture techniques such as <a href=\"https:\/\/www.julienfournie.com\/en\/haute-couture-bags\/\" data-type=\"post\" data-id=\"13106\">embroidery<\/a> and plumasserie to make each of these luxury designer bags an exceptional model.<\/p>\n\t\t\t<a href=\"https:\/\/www.julienfournie.com\/en\/product-category\/luxury-bags-from-julien-fournie-haute-couture\/premier-luxury-handbags\/\" target=\"_self\">\n\t\t\t\t\t\t\tSee\n\t\t\t<\/a>\n<strong>The Pluton Clutch<\/strong>\n<p>Ideal size to accompany you in all circumstances, practical with its removable leather strap, elegant,<a href=\"https:\/\/www.julienfournie.com\/en\/clutchs-bags-pluton-pouch\/\" data-type=\"page\" data-id=\"10363\"> the Pluton clutch<\/a> is made of leather and coated canvas.<\/p>\n\t\t\t<a href=\"https:\/\/www.julienfournie.com\/en\/product-category\/luxury-bags-from-julien-fournie-haute-couture\/luxury-clutches\/\" target=\"_self\">\n\t\t\t\t\t\t\tSee\n\t\t\t<\/a>\n<strong>The Big Bang Bag<\/strong>\n<p>With its innovative design and finishes, this new bag is without doubt a Haute Couture model.<\/p>\n<p><a href=\"https:\/\/www.julienfournie.com\/en\/big-bang-the-new-bag\/\" data-type=\"page\" data-id=\"16165\">The new Big Bang bag<\/a> is a compact version of the Mercure baguette bag, as if it had been cut in two.<\/p>\n<p>This new bag can be worn across the shoulder with a silver chain. It can also be carried by hand thanks to a strap in front of the bag.<\/p>\n\t\t\t<a href=\"https:\/\/www.julienfournie.com\/en\/product-category\/luxury-bags-from-julien-fournie-haute-couture\/big-bang-handbags-from-julien-fournie-haute-couture\/\" target=\"_self\">\n\t\t\t\t\t\t\tSee\n\t\t\t<\/a>\n\t\t\t\t<img decoding=\"async\" src=\"https:\/\/www.julienfournie.com\/en\/wp-content\/uploads\/sites\/4\/2025\/03\/sac-big-bang-circus-8.jpg\" alt=\"luxury bags\" itemprop=\"image\" height=\"1667\" width=\"2500\" title=\"Sac Big Bang Circus\" onerror=\"this.style.display='none'\" loading=\"lazy\" \/>\n\t\t\t\t<img decoding=\"async\" src=\"https:\/\/www.julienfournie.com\/en\/wp-content\/plugins\/beaver-builder-lite-version\/img\/pixel.png\" alt=\"\" itemprop=\"image\" onerror=\"this.style.display=&#039;none&#039;\" loading=\"lazy\" title=\"\">\n<iframe loading=\"lazy\" width=\"100%\" height=\"100%\" src=\"https:\/\/app.videas.fr\/embed\/media\/07bc3280-4850-47bd-8633-bd259058a9d6\/?player=d9a65572-90ad-42e5-8aaa-9b319b3d3750\" frameborder=\"0\" allow=\"accelerometer; autoplay; encrypted-media; gyroscope; picture-in-picture\" allowfullscreen=\"true\" referrerpolicy=\"unsafe-url\"><\/iframe>\n\t<p>The Best designers bags<\/p>\n<p>What designer bags are hot right now? Which luxury bag is worth buying?<\/p>\n<p>Julien Fourni\u00e9&#8217;s designer bags are a testament to his exquisite craftsmanship and artistic vision. Each bag is meticulously designed, blending traditional haute couture techniques with contemporary aesthetics.<\/p>\n<p>Here are some key features of his designer bags: Unique Designs : Each bag is one-of-a-kind, often featuring intricate embroidery and handcrafted details.<\/p>\n<p>\u2192 Luxurious Materials : High-quality materials such as fine leather, silk, and precious metals are used to create these bags.<\/p>\n<p>\u2192 Artistic Inspiration : Many of his designs are inspired by themes from his haute couture collections, incorporating elements of fantasy and elegance.<\/p>\n<p>You can explore his collections on the Julien Fourni\u00e9 official Shop to see the full range of his designer bags and accessories.<\/p>\n\t<p>Julien Fourni\u00e9 Designer Bags<\/p>\n<p>Maison Julien Fourni\u00e9 is more than a fashion brand, it&#8217;s a luxury experience that transcends trends and seasons.<\/p>\nWith its commitment to excellence and innovation, Julien Fourni\u00e9 continues to redefine the world of Haute Couture and luxury.<br \/>\nJulien Fourni\u00e9 Haute Couture luxury handbags and luxury accessories are presented during the Haute Couture collections.\n<p>These high-end bags are unique objects.<\/p>\n<p>These luxury bags are cut from precious materials.<\/p>\n<p>These designer bags are made in the purest respect for craft traditions.<\/p>\n<p>Maison Julien Fourni\u00e9 favors local suppliers for these high-end handbags.<\/p>\n<p>To make these luxury handbags, Maison Julien Fourni\u00e9 selects exclusive materials. It rigorously controls the origin of the skins it uses and if it works exclusively with the best suppliers of skins specializing in tanning and exceptional skins.<\/p>\n\t\t\t\t<img decoding=\"async\" src=\"https:\/\/www.julienfournie.com\/en\/wp-content\/uploads\/sites\/4\/2023\/10\/Sacs-brodes-scaled.jpg\" alt=\"luxury bags\" itemprop=\"image\" height=\"1706\" width=\"2560\" title=\"embroidered bags created by Julien Fourni\u00e9\" onerror=\"this.style.display='none'\" loading=\"lazy\" \/>\n\t\t\t\t<img decoding=\"async\" src=\"https:\/\/www.julienfournie.com\/en\/wp-content\/uploads\/sites\/4\/2023\/11\/First-Shield-Haute-Couture-Collection-Photo-by-Delphine-Royer-LOOK19_028.jpg\" alt=\"luxury handbags\" itemprop=\"image\" height=\"683\" width=\"1024\" title=\"Deep Purple Mercure Baguette Bag\" onerror=\"this.style.display='none'\" loading=\"lazy\" \/>\n\t<p>Julien Fourni\u00e9 Haute Couture House<\/p>\n<p>Maison Julien Fourni\u00e9 is more than a fashion brand, it&#8217;s a luxury experience that transcends trends and seasons. With its commitment to excellence and innovation, Julien Fourni\u00e9 continues to redefine the world of Haute Couture and ultra luxury.<\/p>\n<p>Founded in 2009 by the couturier Julien Fourni\u00e9, the Julien Fourni\u00e9 house is centered around what the designer calls his &#8220;laboratory&#8221;: <a href=\"https:\/\/www.julienfournie.com\/en\/haute-couture-meaning-definition\/\" data-type=\"page\" data-id=\"2189\">Haute Couture<\/a>.<\/p>\n<p>The history of the house is reflected in his collections unveiled in Paris, in January and July each year, during Haute Couture Week.<\/p>\n<p>For his first collection, the young couturier has been awarded the Grand Prize of Creativity by the City of Paris in January 2010.<\/p>\n<p>For the fourth collection, in January 2011, Julien Fourni\u00e9 has become a &#8220;guest member&#8221; in the official calendar of <a href=\"https:\/\/www.julienfournie.com\/en\/haute-couture-meaning-definition\/\" data-type=\"page\" data-id=\"2189\">Haute Couture<\/a> runway shows. This marked a first step in aknowledging Julien Fourni\u00e9 as a promising new brand in the circle of grand couturiers.<\/p>\n<p>With this new title, Julien Fourni\u00e9 has put on the runway for the first time in the history of <a href=\"https:\/\/www.julienfournie.com\/en\/haute-couture-meaning-definition\/\" data-type=\"page\" data-id=\"2189\">Haute Couture<\/a>, a collection only worn by black models.<\/p>\n<p>In January 2017, the <a href=\"https:\/\/www.fhcm.paris\/en\/house\/julien-fournie\" target=\"_blank\" rel=\"noopener\">Julien Fourni\u00e9 House<\/a> was officially classified as &#8220;Haute Couture&#8221;. The Haute Couture label, protected by the French Ministry of Industry, is given to a few houses (only ten prestigious haute couture houses on this list today) which are combining the best of creativity in design and the utmost quality in garment making.<\/p>\n<p>Since its beginnings, <a href=\"https:\/\/www.julienfournie.com\/en\/julien-fournie-haute-couture-house\/\" data-type=\"page\" data-id=\"10811\">Julien Fourni\u00e9<\/a> has also had the honor of being invited to show the House&#8217;s collections abroad, at prestigious events, in order to make the couturier&#8217;s style known to luxury clients woldwide, in their own country.<\/p>\n<p>On many occasions, Julien Fourni\u00e9 has shown in Singapore, in Stockholm, in Ho Chi Minh City, in Warsaw &#8230;<\/p>\n<p>In March 2023, a Julien Fourni\u00e9 dress entered the Mus\u00e9e Gr\u00e9vin in Paris, worn by the character of actress <a href=\"https:\/\/www.julienfournie.com\/audrey-fleurot-entre-au-musee-grevin\/\">Audrey Fleurot<\/a>.<\/p>\n<p>In April 2023, the first retrospective of Julien Fourni\u00e9&#8217;s work is shown in an exhibition <a href=\"https:\/\/www.julienfournie.com\/en\/julien-fournie-haute-couture-exhibition\/\" data-type=\"post\" data-id=\"10474\">&#8220;Haute Couture un point c&#8217;est tout&#8221; at SCAD Lacoste<\/a>.<\/p>\n<p>While respecting the tradition of haute couture clothing, Julien Fourni\u00e9 has also forged new partnerships with high-tech giants such as <a href=\"https:\/\/www.julienfournie.com\/en\/tim-cook-visit-julien-fournie\/\" data-type=\"post\" data-id=\"6978\">Apple <\/a>and <a href=\"https:\/\/www.julienfournie.com\/en\/metavers-julien-fournie-haute-couture\/\" data-type=\"post\" data-id=\"4398\">Tencent<\/a>.<\/p>\n<p>Julien Fourni\u00e9 was thus able to digitize the creation, design and personalization of his Haute Couture pieces. He is one of the rare designers of Haute Couture to master the new <a href=\"https:\/\/www.julienfournie.com\/en\/tim-cook-visit-julien-fournie\/\" data-type=\"post\" data-id=\"6978\">digital tools<\/a>.<\/p>\n<p>Long considered as a survivor of a bygone era, the <a href=\"https:\/\/www.julienfournie.com\/en\/haute-couture-meaning-definition\/\" data-type=\"page\" data-id=\"2189\">Haute Couture<\/a> market has experienced a new boom in recent years. Julien Fourni\u00e9 has been able to establish direct and unique means of communication with his clients thanks to new technologies. It is no longer a question of sending Haute Couture clients a sketch to be validated, as was done in the past.<\/p>\n<p>Julien Fourni\u00e9 has introduced a new process in which clients are not just spectators of the creative process. They have become actors in the <a href=\"https:\/\/www.julienfournie.com\/en\/how-is-a-haute-couture-dress-made\/\" data-type=\"page\" data-id=\"5287\">unique experience of creating a Haute Couture garment<\/a> wherever they are.<\/p>\n<p>Since December 2020, Julien Fourni\u00e9 has been developing a line of <a href=\"https:\/\/www.julienfournie.com\/en\/boutique-shop-luxury-bags\/\">luxury bags and accessories<\/a>. At first, the idea was to offer handbags seen in Julien Fourni\u00e9 Haute Couture shows and reserved, until then, for Haute Couture clients.<\/p>\n\t\t\t\t<img decoding=\"async\" src=\"https:\/\/www.julienfournie.com\/en\/wp-content\/uploads\/sites\/4\/bb-plugin\/cache\/IMG_0623-1-circle.jpg\" alt=\"IMG_0623\" title=\"IMG_0623\" itemprop=\"image\"\/>\n\t\t\t\t \n\t\t<p>Julien Fourni\u00e9<\/p>Haute Couture DesignerAlthough sketching has been a passion since his early years, fashion design was chosen by Julien Fourni\u00e9 only after a first academic orientation in the field of medical studies.\nSelected as one of the talents chosen to study at the ESAA Duperr\u00e9, he quickly preferred the technical rigor of the \u00c9cole de la chambre syndicale de la haute couture Parisienne. Creativity? He has learnt it at the side of the biggest names in Haute Couture, experiencing multiple internships inside prestigious Paris-based fashion houses, including Christian Dior, where he has met Jean Mouclier, who taught him how to sketch jewelry, but also Givenchy (when Alexander McQueen was Creative Director), Nina Ricci and C\u00e9line, among other names.\nIn 2000, at his graduation runway show, he received the Mo\u00ebt et Chandon Award for best accessory at Paris Fashion Awards.\nWhile he had just come into internship at C\u00e9line, Jean Paul Gaultier hired him as an assistant in his Haute Couture studio. In charge of researching materials and embroidery, he also collaborated in designing some Madonna stage costumes for her &#8220;World Tour&#8221;. Identified as a budding talent by another great name of fashion, Claude Montana, he then collaborated with this master of cut and garment architecture.\nIn 2003, while he was working as a designer at Montana Creations, Julien Fourni\u00e9 was appointed by Torrente Haute Couture as Creative Director for ready-to-wear lines. A few days before his first show for the house based at the Rond-Point des Champs Elys\u00e9es, he was named Creative Director for the entire brand, including Haute Couture.\nJulien Fourni\u00e9 then wanted to discover the world and countries which were then only emerging in the fashion industry. In 2006, he was hired by the LG Fashion Group, in South Korea, to be the Creative Director of several brands. In Seoul, he met a different fashion ecosystem, directed to the future.\nBack in Paris, Ramosport, the mythical home of the &#8220;travel coat&#8221; made him its new Creative Director. He then returned to accessories as a designer at Charles Jourdan. After the closing of these houses, which were led by financiers with little specific knowledge of the fashion markets, Julien Fourni\u00e9 took his destiny in hand.\nJulien Fourni\u00e9 decided to found, in 2009, his eponymous house around the spirit of Parisian Couture, its unparalleled craftsmanship and constant need for innovation\t\t\t\t\t\n\n","protected":false},"excerpt":{"rendered":"<p>TOTE BAGS 20 Product Premier Handbags 34 Product Clutches 13 Product Big Bang Handbags 13 Product The Saturne Tote Bag [&hellip;]<\/p>\n","protected":false},"author":2,"featured_media":0,"parent":0,"menu_order":0,"comment_status":"closed","ping_status":"closed","template":"","meta":{"_uag_custom_page_level_css":"","site-sidebar-layout":"default","site-content-layout":"","ast-site-content-layout":"default","site-content-style":"default","site-sidebar-style":"default","ast-global-header-display":"","ast-banner-title-visibility":"","ast-main-header-display":"","ast-hfb-above-header-display":"","ast-hfb-below-header-display":"","ast-hfb-mobile-header-display":"","site-post-title":"disabled","ast-breadcrumbs-content":"","ast-featured-img":"","footer-sml-layout":"","ast-disable-related-posts":"","theme-transparent-header-meta":"","adv-header-id-meta":"","stick-header-meta":"","header-above-stick-meta":"","header-main-stick-meta":"","header-below-stick-meta":"","astra-migrate-meta-layouts":"default","ast-page-background-enabled":"default","ast-page-background-meta":{"desktop":{"background-color":"var(--ast-global-color-5)","background-image":"","background-repeat":"repeat","background-position":"center center","background-size":"auto","background-attachment":"scroll","background-type":"","background-media":"","overlay-type":"","overlay-color":"","overlay-opacity":"","overlay-gradient":""},"tablet":{"background-color":"","background-image":"","background-repeat":"repeat","background-position":"center center","background-size":"auto","background-attachment":"scroll","background-type":"","background-media":"","overlay-type":"","overlay-color":"","overlay-opacity":"","overlay-gradient":""},"mobile":{"background-color":"","background-image":"","background-repeat":"repeat","background-position":"center center","background-size":"auto","background-attachment":"scroll","background-type":"","background-media":"","overlay-type":"","overlay-color":"","overlay-opacity":"","overlay-gradient":""}},"ast-content-background-meta":{"desktop":{"background-color":"var(--ast-global-color-4)","background-image":"","background-repeat":"repeat","background-position":"center center","background-size":"auto","background-attachment":"scroll","background-type":"","background-media":"","overlay-type":"","overlay-color":"","overlay-opacity":"","overlay-gradient":""},"tablet":{"background-color":"var(--ast-global-color-4)","background-image":"","background-repeat":"repeat","background-position":"center center","background-size":"auto","background-attachment":"scroll","background-type":"","background-media":"","overlay-type":"","overlay-color":"","overlay-opacity":"","overlay-gradient":""},"mobile":{"background-color":"var(--ast-global-color-4)","background-image":"","background-repeat":"repeat","background-position":"center center","background-size":"auto","background-attachment":"scroll","background-type":"","background-media":"","overlay-type":"","overlay-color":"","overlay-opacity":"","overlay-gradient":""}},"editor_notices":[],"footnotes":""},"class_list":["post-17733","page","type-page","status-publish","hentry"],"uagb_featured_image_src":{"full":false,"thumbnail":false,"medium":false,"medium_large":false,"large":false,"1536x1536":false,"2048x2048":false,"woocommerce_thumbnail":false,"woocommerce_single":false,"woocommerce_gallery_thumbnail":false},"uagb_author_info":{"display_name":"Maison Julien Fourni\u00e9","author_link":"https:\/\/www.julienfournie.com\/en\/author\/joel\/"},"uagb_comment_info":0,"uagb_excerpt":"TOTE BAGS 20 Product Premier Handbags 34 Product Clutches 13 Product Big Bang Handbags 13 Product The Saturne Tote Bag [&hellip;]","_links":{"self":[{"href":"https:\/\/www.julienfournie.com\/en\/wp-json\/wp\/v2\/pages\/17733","targetHints":{"allow":["GET"]}}],"collection":[{"href":"https:\/\/www.julienfournie.com\/en\/wp-json\/wp\/v2\/pages"}],"about":[{"href":"https:\/\/www.julienfournie.com\/en\/wp-json\/wp\/v2\/types\/page"}],"author":[{"embeddable":true,"href":"https:\/\/www.julienfournie.com\/en\/wp-json\/wp\/v2\/users\/2"}],"replies":[{"embeddable":true,"href":"https:\/\/www.julienfournie.com\/en\/wp-json\/wp\/v2\/comments?post=17733"}],"version-history":[{"count":0,"href":"https:\/\/www.julienfournie.com\/en\/wp-json\/wp\/v2\/pages\/17733\/revisions"}],"wp:attachment":[{"href":"https:\/\/www.julienfournie.com\/en\/wp-json\/wp\/v2\/media?parent=17733"}],"curies":[{"name":"wp","href":"https:\/\/api.w.org\/{rel}","templated":true}]}}