{"id":11368,"date":"2023-06-06T08:28:09","date_gmt":"2023-06-06T07:28:09","guid":{"rendered":"https:\/\/www.julienfournie.com\/en\/?page_id=11368"},"modified":"2024-02-01T08:34:25","modified_gmt":"2024-02-01T07:34:25","slug":"short-videos","status":"publish","type":"page","link":"https:\/\/www.julienfournie.com\/en\/short-videos\/","title":{"rendered":"Short Videos"},"content":{"rendered":"\n<div class=\"wp-block-columns alignwide is-layout-flex wp-container-core-columns-is-layout-28f84493 wp-block-columns-is-layout-flex\">\n<div class=\"wp-block-column is-layout-flow wp-block-column-is-layout-flow\" style=\"flex-basis:25%\"><\/div>\n\n\n\n<div class=\"wp-block-column is-layout-flow wp-block-column-is-layout-flow\" style=\"flex-basis:50%\"><\/div>\n\n\n\n<div class=\"wp-block-column is-layout-flow wp-block-column-is-layout-flow\" style=\"flex-basis:25%\"><\/div>\n<\/div>\n\n\n\n<p class=\"has-text-align-center\">Short videos created by Maison Julien Fourni\u00e9 Haute Couture.<\/p>\n\n\n\n<figure class=\"wp-block-embed is-type-video is-provider-youtube wp-block-embed-youtube wp-embed-aspect-16-9 wp-has-aspect-ratio\"><div class=\"wp-block-embed__wrapper\">\n<iframe loading=\"lazy\" title=\"Haute Couture Expectations\" width=\"500\" height=\"281\" src=\"https:\/\/www.youtube.com\/embed\/JvS5M_8k9Cc?feature=oembed\" frameborder=\"0\" allow=\"accelerometer; autoplay; clipboard-write; encrypted-media; gyroscope; picture-in-picture; web-share\" referrerpolicy=\"strict-origin-when-cross-origin\" allowfullscreen><\/iframe>\n<\/div><\/figure>\n\n\n\n<figure class=\"wp-block-embed is-type-video is-provider-youtube wp-block-embed-youtube wp-embed-aspect-16-9 wp-has-aspect-ratio\"><div class=\"wp-block-embed__wrapper\">\n<iframe loading=\"lazy\" title=\"Backstage, First Vamps Haute Couture Collection\" width=\"500\" height=\"281\" src=\"https:\/\/www.youtube.com\/embed\/gH__7NH_kPk?feature=oembed\" frameborder=\"0\" allow=\"accelerometer; autoplay; clipboard-write; encrypted-media; gyroscope; picture-in-picture; web-share\" referrerpolicy=\"strict-origin-when-cross-origin\" allowfullscreen><\/iframe>\n<\/div><\/figure>\n\n\n\n<figure class=\"wp-block-embed is-type-video is-provider-youtube wp-block-embed-youtube wp-embed-aspect-16-9 wp-has-aspect-ratio\"><div class=\"wp-block-embed__wrapper\">\n<iframe loading=\"lazy\" title=\"Collection First Shield Look 22 Julien Fourni\u00e9 Haute Couture\" width=\"500\" height=\"281\" src=\"https:\/\/www.youtube.com\/embed\/eCM9H7FP2So?feature=oembed\" frameborder=\"0\" allow=\"accelerometer; autoplay; clipboard-write; encrypted-media; gyroscope; picture-in-picture; web-share\" referrerpolicy=\"strict-origin-when-cross-origin\" allowfullscreen><\/iframe>\n<\/div><\/figure>\n\n\n\n<figure class=\"wp-block-embed is-type-video is-provider-youtube wp-block-embed-youtube wp-embed-aspect-16-9 wp-has-aspect-ratio\"><div class=\"wp-block-embed__wrapper\">\n<iframe loading=\"lazy\" title=\"Embroidered bags from the First Shield collection Julien Fourni\u00e9 Haute Couture\" width=\"500\" height=\"281\" src=\"https:\/\/www.youtube.com\/embed\/AFbBBneN2oU?feature=oembed\" frameborder=\"0\" allow=\"accelerometer; autoplay; clipboard-write; encrypted-media; gyroscope; picture-in-picture; web-share\" referrerpolicy=\"strict-origin-when-cross-origin\" allowfullscreen><\/iframe>\n<\/div><\/figure>\n\n\n\n<figure class=\"wp-block-embed aligncenter is-type-video is-provider-youtube wp-block-embed-youtube wp-embed-aspect-16-9 wp-has-aspect-ratio\"><div class=\"wp-block-embed__wrapper\">\n<iframe loading=\"lazy\" title=\"First Sunshine Haute Couture Collection, look 14\" width=\"500\" height=\"281\" src=\"https:\/\/www.youtube.com\/embed\/9gesEnhyYxY?feature=oembed\" frameborder=\"0\" allow=\"accelerometer; autoplay; clipboard-write; encrypted-media; gyroscope; picture-in-picture; web-share\" referrerpolicy=\"strict-origin-when-cross-origin\" allowfullscreen><\/iframe>\n<\/div><\/figure>\n\n\n\n<figure class=\"wp-block-embed aligncenter is-type-video is-provider-youtube wp-block-embed-youtube wp-embed-aspect-16-9 wp-has-aspect-ratio\"><div class=\"wp-block-embed__wrapper\">\n<iframe loading=\"lazy\" title=\"First Sunshine Haute Couture Collection, Look 16\" width=\"500\" height=\"281\" src=\"https:\/\/www.youtube.com\/embed\/3JRG7lNFT4Y?feature=oembed\" frameborder=\"0\" allow=\"accelerometer; autoplay; clipboard-write; encrypted-media; gyroscope; picture-in-picture; web-share\" referrerpolicy=\"strict-origin-when-cross-origin\" allowfullscreen><\/iframe>\n<\/div><\/figure>\n\n\n\n<figure class=\"wp-block-embed aligncenter is-type-video is-provider-youtube wp-block-embed-youtube wp-embed-aspect-16-9 wp-has-aspect-ratio\"><div class=\"wp-block-embed__wrapper\">\nhttps:\/\/youtube.com\/shorts\/jr1YfRTpJEs?feature=share\n<\/div><\/figure>\n\n\n\n<figure class=\"wp-block-embed aligncenter is-type-video is-provider-youtube wp-block-embed-youtube wp-embed-aspect-16-9 wp-has-aspect-ratio\"><div class=\"wp-block-embed__wrapper\">\n<iframe loading=\"lazy\" title=\"First Sunshine Haute Couture Collection, Look 17\" width=\"500\" height=\"281\" src=\"https:\/\/www.youtube.com\/embed\/J361Fb_MyLA?feature=oembed\" frameborder=\"0\" allow=\"accelerometer; autoplay; clipboard-write; encrypted-media; gyroscope; picture-in-picture; web-share\" referrerpolicy=\"strict-origin-when-cross-origin\" allowfullscreen><\/iframe>\n<\/div><\/figure>\n\n\n\n<figure class=\"wp-block-embed aligncenter is-type-video is-provider-youtube wp-block-embed-youtube wp-embed-aspect-16-9 wp-has-aspect-ratio\"><div class=\"wp-block-embed__wrapper\">\n<iframe loading=\"lazy\" title=\"First Sunshine Haute Couture Collection, Look 19\" width=\"500\" height=\"281\" src=\"https:\/\/www.youtube.com\/embed\/MoqQi6CFafs?feature=oembed\" frameborder=\"0\" allow=\"accelerometer; autoplay; clipboard-write; encrypted-media; gyroscope; picture-in-picture; web-share\" referrerpolicy=\"strict-origin-when-cross-origin\" allowfullscreen><\/iframe>\n<\/div><\/figure>\n\n\n\n<figure class=\"wp-block-embed aligncenter is-type-video is-provider-youtube wp-block-embed-youtube wp-embed-aspect-16-9 wp-has-aspect-ratio\"><div class=\"wp-block-embed__wrapper\">\n<iframe loading=\"lazy\" title=\"L&#039;inauguration de l&#039;exposition &quot;Haute Couture un point c&#039;est tout!&quot; \u00e0 SCAD Lacoste\" width=\"500\" height=\"281\" src=\"https:\/\/www.youtube.com\/embed\/bJRKvSmvdfI?feature=oembed\" frameborder=\"0\" allow=\"accelerometer; autoplay; clipboard-write; encrypted-media; gyroscope; picture-in-picture; web-share\" referrerpolicy=\"strict-origin-when-cross-origin\" allowfullscreen><\/iframe>\n<\/div><\/figure>\n\n\n\n<figure class=\"wp-block-embed aligncenter is-type-video is-provider-youtube wp-block-embed-youtube wp-embed-aspect-16-9 wp-has-aspect-ratio\"><div class=\"wp-block-embed__wrapper\">\n<iframe loading=\"lazy\" title=\"La Nouvelle Baguette Mercure\" width=\"500\" height=\"281\" src=\"https:\/\/www.youtube.com\/embed\/gOWtUuE48lQ?feature=oembed\" frameborder=\"0\" allow=\"accelerometer; autoplay; clipboard-write; encrypted-media; gyroscope; picture-in-picture; web-share\" referrerpolicy=\"strict-origin-when-cross-origin\" allowfullscreen><\/iframe>\n<\/div><\/figure>\n\n\n\n<div class=\"wp-block-group is-layout-constrained wp-block-group-is-layout-constrained\">\n<h6 class=\"wp-block-heading\" style=\"font-size:12px;font-style:normal;font-weight:400\">More videos about Julien Fourni\u00e9<\/h6>\n\n\n\n<div class=\"wp-block-query is-layout-flow wp-block-query-is-layout-flow\"><ul class=\"wp-block-post-template is-layout-flow wp-block-post-template-is-layout-flow\"><li class=\"wp-block-post post-20304 post type-post status-publish format-standard has-post-thumbnail hentry category-fashion category-reports\">\n<h2 style=\"font-style:normal;font-weight:300;\" class=\"wp-block-post-title has-large-font-size\"><a href=\"https:\/\/www.julienfournie.com\/en\/first-misfits-haute-couture-olivier-ronot\/\" target=\"_self\" >First Misfits, A film by olivier Ronot<\/a><\/h2>\n\n<figure style=\"aspect-ratio:4\/3;width:600px;\" class=\"aligncenter wp-block-post-featured-image\"><a href=\"https:\/\/www.julienfournie.com\/en\/first-misfits-haute-couture-olivier-ronot\/\" target=\"_self\"  ><img loading=\"lazy\" decoding=\"async\" width=\"1820\" height=\"779\" src=\"https:\/\/www.julienfournie.com\/en\/wp-content\/uploads\/sites\/4\/2026\/02\/First-Misfits-A-film-By-Olivier-Ronot3.jpg\" class=\"attachment-post-thumbnail size-post-thumbnail wp-post-image\" alt=\"First Misfits, A film by olivier Ronot\" style=\"width:100%;height:100%;object-fit:cover;\" srcset=\"https:\/\/www.julienfournie.com\/en\/wp-content\/uploads\/sites\/4\/2026\/02\/First-Misfits-A-film-By-Olivier-Ronot3.jpg 1820w, https:\/\/www.julienfournie.com\/en\/wp-content\/uploads\/sites\/4\/2026\/02\/First-Misfits-A-film-By-Olivier-Ronot3-300x128.jpg 300w, https:\/\/www.julienfournie.com\/en\/wp-content\/uploads\/sites\/4\/2026\/02\/First-Misfits-A-film-By-Olivier-Ronot3-1024x438.jpg 1024w, https:\/\/www.julienfournie.com\/en\/wp-content\/uploads\/sites\/4\/2026\/02\/First-Misfits-A-film-By-Olivier-Ronot3-768x329.jpg 768w, https:\/\/www.julienfournie.com\/en\/wp-content\/uploads\/sites\/4\/2026\/02\/First-Misfits-A-film-By-Olivier-Ronot3-1536x657.jpg 1536w, https:\/\/www.julienfournie.com\/en\/wp-content\/uploads\/sites\/4\/2026\/02\/First-Misfits-A-film-By-Olivier-Ronot3-600x257.jpg 600w\" sizes=\"auto, (max-width: 1820px) 100vw, 1820px\" title=\"\"><\/a><\/figure>\n\n<a class=\"wp-block-read-more\" href=\"https:\/\/www.julienfournie.com\/en\/first-misfits-haute-couture-olivier-ronot\/\" target=\"_self\"><strong>\u2192 Watch<\/strong><span class=\"screen-reader-text\">: First Misfits, A film by olivier Ronot<\/span><\/a>\n<\/li><li class=\"wp-block-post post-18843 post type-post status-publish format-standard has-post-thumbnail hentry category-fashion category-reports\">\n<h2 style=\"font-style:normal;font-weight:300;\" class=\"wp-block-post-title has-large-font-size\"><a href=\"https:\/\/www.julienfournie.com\/en\/haute-couture-show-demo-de-mode\/\" target=\"_self\" >The Haute Couture show is deciphered in D\u00e9mo de Mode.<\/a><\/h2>\n\n<figure style=\"aspect-ratio:4\/3;width:600px;\" class=\"aligncenter wp-block-post-featured-image\"><a href=\"https:\/\/www.julienfournie.com\/en\/haute-couture-show-demo-de-mode\/\" target=\"_self\"  ><img loading=\"lazy\" decoding=\"async\" width=\"1024\" height=\"683\" src=\"https:\/\/www.julienfournie.com\/en\/wp-content\/uploads\/sites\/4\/2025\/01\/HAUTE-COUTURE-JULIEN-FOURNIE_6570-first-circus.jpg\" class=\"attachment-post-thumbnail size-post-thumbnail wp-post-image\" alt=\"The Haute Couture show is deciphered in D\u00e9mo de Mode.\" style=\"width:100%;height:100%;object-fit:cover;\" srcset=\"https:\/\/www.julienfournie.com\/en\/wp-content\/uploads\/sites\/4\/2025\/01\/HAUTE-COUTURE-JULIEN-FOURNIE_6570-first-circus.jpg 1024w, https:\/\/www.julienfournie.com\/en\/wp-content\/uploads\/sites\/4\/2025\/01\/HAUTE-COUTURE-JULIEN-FOURNIE_6570-first-circus-300x200.jpg 300w, https:\/\/www.julienfournie.com\/en\/wp-content\/uploads\/sites\/4\/2025\/01\/HAUTE-COUTURE-JULIEN-FOURNIE_6570-first-circus-768x512.jpg 768w, https:\/\/www.julienfournie.com\/en\/wp-content\/uploads\/sites\/4\/2025\/01\/HAUTE-COUTURE-JULIEN-FOURNIE_6570-first-circus-600x400.jpg 600w\" sizes=\"auto, (max-width: 1024px) 100vw, 1024px\" title=\"\"><\/a><\/figure>\n\n<a class=\"wp-block-read-more\" href=\"https:\/\/www.julienfournie.com\/en\/haute-couture-show-demo-de-mode\/\" target=\"_self\"><strong>\u2192 Watch<\/strong><span class=\"screen-reader-text\">: The Haute Couture show is deciphered in D\u00e9mo de Mode.<\/span><\/a>\n<\/li><li class=\"wp-block-post post-18827 post type-post status-publish format-standard has-post-thumbnail hentry category-fashion category-reports tag-haute-couture tag-haute-couture-film\">\n<h2 style=\"font-style:normal;font-weight:300;\" class=\"wp-block-post-title has-large-font-size\"><a href=\"https:\/\/www.julienfournie.com\/en\/julien-fournie-haute-couture-report\/\" target=\"_self\" >Haute Couture report<\/a><\/h2>\n\n<figure style=\"aspect-ratio:4\/3;width:600px;\" class=\"aligncenter wp-block-post-featured-image\"><a href=\"https:\/\/www.julienfournie.com\/en\/julien-fournie-haute-couture-report\/\" target=\"_self\"  ><img loading=\"lazy\" decoding=\"async\" width=\"1088\" height=\"621\" src=\"https:\/\/www.julienfournie.com\/en\/wp-content\/uploads\/sites\/4\/2025\/06\/FC-NEWS-Haute-Couture.jpg\" class=\"attachment-post-thumbnail size-post-thumbnail wp-post-image\" alt=\"Haute Couture report\" style=\"width:100%;height:100%;object-fit:cover;\" srcset=\"https:\/\/www.julienfournie.com\/en\/wp-content\/uploads\/sites\/4\/2025\/06\/FC-NEWS-Haute-Couture.jpg 1088w, https:\/\/www.julienfournie.com\/en\/wp-content\/uploads\/sites\/4\/2025\/06\/FC-NEWS-Haute-Couture-300x171.jpg 300w, https:\/\/www.julienfournie.com\/en\/wp-content\/uploads\/sites\/4\/2025\/06\/FC-NEWS-Haute-Couture-1024x584.jpg 1024w, https:\/\/www.julienfournie.com\/en\/wp-content\/uploads\/sites\/4\/2025\/06\/FC-NEWS-Haute-Couture-768x438.jpg 768w, https:\/\/www.julienfournie.com\/en\/wp-content\/uploads\/sites\/4\/2025\/06\/FC-NEWS-Haute-Couture-600x342.jpg 600w, https:\/\/www.julienfournie.com\/en\/wp-content\/uploads\/sites\/4\/2025\/06\/FC-NEWS-Haute-Couture-150x86.jpg 150w\" sizes=\"auto, (max-width: 1088px) 100vw, 1088px\" title=\"\"><\/a><\/figure>\n\n<a class=\"wp-block-read-more\" href=\"https:\/\/www.julienfournie.com\/en\/julien-fournie-haute-couture-report\/\" target=\"_self\"><strong>\u2192 Watch<\/strong><span class=\"screen-reader-text\">: Haute Couture report<\/span><\/a>\n<\/li><li class=\"wp-block-post post-18694 post type-post status-publish format-standard has-post-thumbnail hentry category-fashion category-reports\">\n<h2 style=\"font-style:normal;font-weight:300;\" class=\"wp-block-post-title has-large-font-size\"><a href=\"https:\/\/www.julienfournie.com\/en\/fashion-show-on-vietnamese-tv\/\" target=\"_self\" >Julien Fourni\u00e9&#8217;s fashion show in Ho Chi Minh City on Vietnamese TV.<\/a><\/h2>\n\n<figure style=\"aspect-ratio:4\/3;width:600px;\" class=\"aligncenter wp-block-post-featured-image\"><a href=\"https:\/\/www.julienfournie.com\/en\/fashion-show-on-vietnamese-tv\/\" target=\"_self\"  ><img loading=\"lazy\" decoding=\"async\" width=\"1200\" height=\"626\" src=\"https:\/\/www.julienfournie.com\/en\/wp-content\/uploads\/sites\/4\/2025\/06\/VTV9-JULIEN-FOURNIE-2-1200x626.jpg\" class=\"attachment-post-thumbnail size-post-thumbnail wp-post-image\" alt=\"Julien Fourni\u00e9&#8217;s fashion show in Ho Chi Minh City on Vietnamese TV.\" style=\"width:100%;height:100%;object-fit:cover;\" srcset=\"https:\/\/www.julienfournie.com\/en\/wp-content\/uploads\/sites\/4\/2025\/06\/VTV9-JULIEN-FOURNIE-2-1200x626.jpg 1200w, https:\/\/www.julienfournie.com\/en\/wp-content\/uploads\/sites\/4\/2025\/06\/VTV9-JULIEN-FOURNIE-2-300x157.jpg 300w, https:\/\/www.julienfournie.com\/en\/wp-content\/uploads\/sites\/4\/2025\/06\/VTV9-JULIEN-FOURNIE-2-1024x535.jpg 1024w, https:\/\/www.julienfournie.com\/en\/wp-content\/uploads\/sites\/4\/2025\/06\/VTV9-JULIEN-FOURNIE-2-768x401.jpg 768w, https:\/\/www.julienfournie.com\/en\/wp-content\/uploads\/sites\/4\/2025\/06\/VTV9-JULIEN-FOURNIE-2-1536x802.jpg 1536w, https:\/\/www.julienfournie.com\/en\/wp-content\/uploads\/sites\/4\/2025\/06\/VTV9-JULIEN-FOURNIE-2-600x313.jpg 600w, https:\/\/www.julienfournie.com\/en\/wp-content\/uploads\/sites\/4\/2025\/06\/VTV9-JULIEN-FOURNIE-2-150x78.jpg 150w, https:\/\/www.julienfournie.com\/en\/wp-content\/uploads\/sites\/4\/2025\/06\/VTV9-JULIEN-FOURNIE-2.jpg 1724w\" sizes=\"auto, (max-width: 1200px) 100vw, 1200px\" title=\"\"><\/a><\/figure>\n\n<a class=\"wp-block-read-more\" href=\"https:\/\/www.julienfournie.com\/en\/fashion-show-on-vietnamese-tv\/\" target=\"_self\"><strong>\u2192 Watch<\/strong><span class=\"screen-reader-text\">: Julien Fourni\u00e9&#8217;s fashion show in Ho Chi Minh City on Vietnamese TV.<\/span><\/a>\n<\/li><li class=\"wp-block-post post-18346 post type-post status-publish format-standard has-post-thumbnail hentry category-fashion category-reports\">\n<h2 style=\"font-style:normal;font-weight:300;\" class=\"wp-block-post-title has-large-font-size\"><a href=\"https:\/\/www.julienfournie.com\/en\/julien-fournie-on-life-style-tv\/\" target=\"_self\" >Haute Couture : Julien Fourni\u00e9 on Life Style TV<\/a><\/h2>\n\n<figure style=\"aspect-ratio:4\/3;width:600px;\" class=\"aligncenter wp-block-post-featured-image\"><a href=\"https:\/\/www.julienfournie.com\/en\/julien-fournie-on-life-style-tv\/\" target=\"_self\"  ><img loading=\"lazy\" decoding=\"async\" width=\"1024\" height=\"683\" src=\"https:\/\/www.julienfournie.com\/en\/wp-content\/uploads\/sites\/4\/2025\/01\/HAUTE-COUTURE-JULIEN-FOURNIE_6396-first-circus.jpg\" class=\"attachment-post-thumbnail size-post-thumbnail wp-post-image\" alt=\"Haute Couture : Julien Fourni\u00e9 on Life Style TV\" style=\"width:100%;height:100%;object-fit:cover;\" srcset=\"https:\/\/www.julienfournie.com\/en\/wp-content\/uploads\/sites\/4\/2025\/01\/HAUTE-COUTURE-JULIEN-FOURNIE_6396-first-circus.jpg 1024w, https:\/\/www.julienfournie.com\/en\/wp-content\/uploads\/sites\/4\/2025\/01\/HAUTE-COUTURE-JULIEN-FOURNIE_6396-first-circus-300x200.jpg 300w, https:\/\/www.julienfournie.com\/en\/wp-content\/uploads\/sites\/4\/2025\/01\/HAUTE-COUTURE-JULIEN-FOURNIE_6396-first-circus-768x512.jpg 768w, https:\/\/www.julienfournie.com\/en\/wp-content\/uploads\/sites\/4\/2025\/01\/HAUTE-COUTURE-JULIEN-FOURNIE_6396-first-circus-600x400.jpg 600w\" sizes=\"auto, (max-width: 1024px) 100vw, 1024px\" title=\"\"><\/a><\/figure>\n\n<a class=\"wp-block-read-more\" href=\"https:\/\/www.julienfournie.com\/en\/julien-fournie-on-life-style-tv\/\" target=\"_self\"><strong>\u2192 Watch<\/strong><span class=\"screen-reader-text\">: Haute Couture : Julien Fourni\u00e9 on Life Style TV<\/span><\/a>\n<\/li><\/ul><\/div>\n<\/div>\n\n\n\n<h2 class=\"wp-block-heading\" style=\"font-size:38px;line-height:1.4\"><strong><strong>Julien Fourni\u00e9 Haute Couture House<\/strong><\/strong><\/h2>\n\n\n\n<div class=\"wp-block-columns is-layout-flex wp-container-core-columns-is-layout-28f84493 wp-block-columns-is-layout-flex\">\n<div class=\"wp-block-column is-layout-flow wp-block-column-is-layout-flow\">\n<p style=\"font-size:12px\">Maison Julien Fourni\u00e9 is more than a fashion brand, it&#8217;s a luxury experience that transcends trends and seasons. With its commitment to excellence and innovation, Julien Fourni\u00e9 continues to redefine the world of Haute Couture and luxury.<\/p>\n\n\n\n<p style=\"font-size:12px\">Founded in 2009, Julien Fourni\u00e9 Haute Couture House creates custom-made haute couture garments for its customers.<\/p>\n\n\n\n<p style=\"font-size:12px\">In almost thirty Haute Couture collections unveiled during the Haute Couture Fashion Week in Paris, Julien Fourni\u00e9 has created a recognizable and well-known style. <\/p>\n\n\n\n<p style=\"font-size:12px\">He is able to cater to this particularly demanding clientele in terms of creativity, quality and service to create Haute Couture outfits.<\/p>\n<\/div>\n\n\n\n<div class=\"wp-block-column is-layout-flow wp-block-column-is-layout-flow\">\n<p style=\"font-size:12px\">Julien Fourni\u00e9 has become a \u201cguest member\u201d in the official calendar of Haute Couture runway shows in 2011.<\/p>\n\n\n\n<p style=\"font-size:12px\">Since January 2017, following the sponsorship of the <a href=\"https:\/\/fhcm.paris\/en\/members\/julien-fournie-2\/\" target=\"_blank\" rel=\"noreferrer noopener\">Chambre Syndicale, the French Ministry of Industry<\/a> has granted Julien Fourni\u00e9 the Haute Couture label. <\/p>\n\n\n\n<p style=\"font-size:12px\">This means that the Julien Fourni\u00e9 fashion house has joined an exclusive club of only sixteen names in the ultra-luxury world.<\/p>\n\n\n\n<p style=\"font-size:12px\">Since December 2020, Julien Fourni\u00e9 has been developing a line of luxury bags for women and men and accessories sold exclusively in the online store of the House.<\/p>\n<\/div>\n<\/div>\n\n\n","protected":false},"excerpt":{"rendered":"<p>Short videos created by Maison Julien Fourni\u00e9 Haute Couture. Julien Fourni\u00e9 Haute Couture House Maison Julien Fourni\u00e9 is more than [&hellip;]<\/p>\n","protected":false},"author":2,"featured_media":0,"parent":0,"menu_order":0,"comment_status":"closed","ping_status":"closed","template":"","meta":{"_uag_custom_page_level_css":"","site-sidebar-layout":"default","site-content-layout":"","ast-site-content-layout":"default","site-content-style":"default","site-sidebar-style":"default","ast-global-header-display":"","ast-banner-title-visibility":"","ast-main-header-display":"","ast-hfb-above-header-display":"","ast-hfb-below-header-display":"","ast-hfb-mobile-header-display":"","site-post-title":"","ast-breadcrumbs-content":"","ast-featured-img":"","footer-sml-layout":"","ast-disable-related-posts":"","theme-transparent-header-meta":"","adv-header-id-meta":"","stick-header-meta":"","header-above-stick-meta":"","header-main-stick-meta":"","header-below-stick-meta":"","astra-migrate-meta-layouts":"default","ast-page-background-enabled":"default","ast-page-background-meta":{"desktop":{"background-color":"var(--ast-global-color-5)","background-image":"","background-repeat":"repeat","background-position":"center center","background-size":"auto","background-attachment":"scroll","background-type":"","background-media":"","overlay-type":"","overlay-color":"","overlay-opacity":"","overlay-gradient":""},"tablet":{"background-color":"","background-image":"","background-repeat":"repeat","background-position":"center center","background-size":"auto","background-attachment":"scroll","background-type":"","background-media":"","overlay-type":"","overlay-color":"","overlay-opacity":"","overlay-gradient":""},"mobile":{"background-color":"","background-image":"","background-repeat":"repeat","background-position":"center center","background-size":"auto","background-attachment":"scroll","background-type":"","background-media":"","overlay-type":"","overlay-color":"","overlay-opacity":"","overlay-gradient":""}},"ast-content-background-meta":{"desktop":{"background-color":"var(--ast-global-color-4)","background-image":"","background-repeat":"repeat","background-position":"center center","background-size":"auto","background-attachment":"scroll","background-type":"","background-media":"","overlay-type":"","overlay-color":"","overlay-opacity":"","overlay-gradient":""},"tablet":{"background-color":"var(--ast-global-color-4)","background-image":"","background-repeat":"repeat","background-position":"center center","background-size":"auto","background-attachment":"scroll","background-type":"","background-media":"","overlay-type":"","overlay-color":"","overlay-opacity":"","overlay-gradient":""},"mobile":{"background-color":"var(--ast-global-color-4)","background-image":"","background-repeat":"repeat","background-position":"center center","background-size":"auto","background-attachment":"scroll","background-type":"","background-media":"","overlay-type":"","overlay-color":"","overlay-opacity":"","overlay-gradient":""}},"editor_notices":[],"footnotes":""},"class_list":["post-11368","page","type-page","status-publish","hentry"],"uagb_featured_image_src":{"full":false,"thumbnail":false,"medium":false,"medium_large":false,"large":false,"1536x1536":false,"2048x2048":false,"woocommerce_thumbnail":false,"woocommerce_single":false,"woocommerce_gallery_thumbnail":false},"uagb_author_info":{"display_name":"Maison Julien Fourni\u00e9","author_link":"https:\/\/www.julienfournie.com\/en\/author\/joel\/"},"uagb_comment_info":0,"uagb_excerpt":"Short videos created by Maison Julien Fourni\u00e9 Haute Couture. Julien Fourni\u00e9 Haute Couture House Maison Julien Fourni\u00e9 is more than [&hellip;]","_links":{"self":[{"href":"https:\/\/www.julienfournie.com\/en\/wp-json\/wp\/v2\/pages\/11368","targetHints":{"allow":["GET"]}}],"collection":[{"href":"https:\/\/www.julienfournie.com\/en\/wp-json\/wp\/v2\/pages"}],"about":[{"href":"https:\/\/www.julienfournie.com\/en\/wp-json\/wp\/v2\/types\/page"}],"author":[{"embeddable":true,"href":"https:\/\/www.julienfournie.com\/en\/wp-json\/wp\/v2\/users\/2"}],"replies":[{"embeddable":true,"href":"https:\/\/www.julienfournie.com\/en\/wp-json\/wp\/v2\/comments?post=11368"}],"version-history":[{"count":0,"href":"https:\/\/www.julienfournie.com\/en\/wp-json\/wp\/v2\/pages\/11368\/revisions"}],"wp:attachment":[{"href":"https:\/\/www.julienfournie.com\/en\/wp-json\/wp\/v2\/media?parent=11368"}],"curies":[{"name":"wp","href":"https:\/\/api.w.org\/{rel}","templated":true}]}}